{"id":6737,"date":"2024-11-13T16:36:32","date_gmt":"2024-11-13T15:36:32","guid":{"rendered":"https:\/\/www.demenzkongress.com\/programm-2025\/get-together-ronny-tekal\/"},"modified":"2025-02-25T15:59:36","modified_gmt":"2025-02-25T14:59:36","slug":"get-together-ronny-tekal","status":"publish","type":"page","link":"https:\/\/www.demenzkongress.com\/sl\/programm-2025\/get-together-ronny-tekal\/","title":{"rendered":"Get Together (Ronny Tekal)"},"content":{"rendered":"<div class=\"bt_rc_container\"><section id=\"bt_section69e348ca1770d\" data-parallax=\"0.1\" data-parallax-offset=\"0\" class=\"boldSection topExtraSpaced bottomSpaced btDarkSkin gutter btBottomVertical btParallax wBackground cover\" style=\"background-image:url('https:\/\/www.demenzkongress.com\/wp-content\/uploads\/2018\/08\/Demenzkongress-20189.jpg');\"><div class=\"port\"><div class=\"boldCell\"><div class=\"boldCellInner\"><div class=\"boldRow \" ><div class=\"boldRowInner\"><div class=\"rowItem col-md-12 col-ms-12  btTextLeft inherit\"  data-width=\"12\"><div class=\"rowItemContent\" ><header class=\"header btClear large btDash bottomDash\" ><div class=\"btSuperTitle\">CONGRESS CENTER VILLACH<\/div><div class=\"dash\"><h2><span class=\"headline\"><b class=\"animate\">2<\/b> dni \/ <b class=\"animate\">21<\/b> predavanj \/ <b class=\"animate\">8<\/b> delavnic\r<br>Vrhunski govorci s podro\u010dja medicine,\r<br>nege in dru\u017ebe<\/span><\/h2><\/div><div class=\"btSubTitle\">28. in 29. marec 2025<\/div><\/header><\/div><\/div><\/div><\/div><\/div><\/div><\/div><\/section><section id=\"bt_section69e348ca17c05\"  class=\"boldSection topSpaced bottomSpaced gutter inherit\" ><div class=\"port\"><div class=\"boldCell\"><div class=\"boldCellInner\"><div class=\"boldRow \" ><div class=\"boldRowInner\"><div class=\"rowItem col-md-2  col-sm-4 col-ms-12 btTextLeft animate animate-fadein inherit\"  data-width=\"2\"><div class=\"rowItemContent\" ><div class=\"btIconImageRow\" ><div class=\"bpgPhoto  btCircleImage\" ><div class=\"btImage\"><img decoding=\"async\" src=\"https:\/\/www.demenzkongress.com\/wp-content\/uploads\/2018\/08\/KDF_Referent_Schmieder_\u00a9MichaelSchmieder_2018-320x320.jpg\" alt=\"https:\/\/www.demenzkongress.com\/wp-content\/uploads\/2018\/08\/KDF_Referent_Schmieder_\u00a9MichaelSchmieder_2018-320x320.jpg\"><\/div><\/div><\/div><\/div><\/div><div class=\"rowItem col-md-8 col-ms-12 btTextLeft inherit\"  data-width=\"8\"><div class=\"rowItemContent\" ><header class=\"header btClear extralarge btDash bottomDash\" ><div class=\"dash\"><h1><span class=\"headline\">Michael <b class=\"animate\">Schmieder<\/b><\/span><\/h1><\/div><div class=\"btSubTitle\">Demenzexperte, Ethiker, Auto, Leiter der Sonnweid Schweiz<\/div><\/header><div class=\"btClear btSeparator topSmallSpaced noBorder\" ><hr><\/div><header class=\"header btClear small btDash bottomDash\" ><div class=\"dash\"><h4><span class=\"headline\">Specializirane oblike bivanja \u2013 nuja za osebe z demenco!<\/span><\/h4><\/div><\/header><div class=\"btClear btSeparator topSemiSpaced noBorder\" ><hr><\/div><div class=\"btText\" ><div class=\"flex-1 overflow-hidden @container\/thread translate-y-&#091;2rem&#093; -mt-&#091;2rem&#093; pb-&#091;1.5rem&#093;\">\n<div class=\"relative h-full\">\n<div class=\"flex h-full flex-col overflow-y-auto &#091;scrollbar-gutter:stable&#093;\">\n<div class=\"flex flex-col text-sm md:pb-9\">\n<article class=\"w-full text-token-text-primary focus-visible:outline-2 focus-visible:outline-offset-&#091;-4px&#093;\" dir=\"auto\" data-testid=\"conversation-turn-31\" data-scroll-anchor=\"true\">\n<div class=\"m-auto text-base py-&#091;18px&#093; px-6\">\n<div class=\"mx-auto flex flex-1 text-base gap-4 md:gap-5 lg:gap-6 md:max-w-3xl lg:max-w-&#091;40rem&#093; xl:max-w-&#091;48rem&#093;\">\n<div class=\"group\/conversation-turn relative flex w-full min-w-0 flex-col agent-turn @xs\/thread:px-0 @sm\/thread:px-1.5 @md\/thread:px-4\">\n<div class=\"flex-col gap-1 md:gap-3\">\n<div class=\"flex max-w-full flex-col flex-grow\">\n<div class=\"min-h-8 text-message relative flex w-full flex-col items-end gap-2 whitespace-normal break-words text-start &#091;.text-message+&amp;&#093;:mt-5\" dir=\"auto\" data-message-author-role=\"assistant\" data-message-id=\"6f24abde-031b-4b3b-b2dc-4090cb808443\" data-message-model-slug=\"gpt-4o\">\n<div class=\"flex w-full flex-col gap-1 empty:hidden first:pt-&#091;3px&#093;\">\n<div class=\"markdown prose w-full break-words dark:prose-invert light\">\n<p data-start=\"0\" data-end=\"71\"><strong data-start=\"0\" data-end=\"69\">MaVida Park \u2013 nova doba stacionarne oskrbe in nege oseb z demenco<\/strong><\/p>\n<p data-start=\"73\" data-end=\"230\">MaVida Park utele\u0161a <strong data-start=\"93\" data-end=\"157\">novo obdobje v institucionalni oskrbi in negi oseb z demenco<\/strong>. Pri tem se pojavljajo pomembna vpra\u0161anja, ki jih je vredno raziskati:<\/p>\n<ul data-start=\"232\" data-end=\"350\">\n<li data-start=\"232\" data-end=\"304\"><strong data-start=\"234\" data-end=\"302\">Zakaj osebe z demenco potrebujejo specializirane oblike bivanja?<\/strong><\/li>\n<li data-start=\"305\" data-end=\"350\"><strong data-start=\"307\" data-end=\"348\">Kako naj bi bile te oblike zasnovane?<\/strong><\/li>\n<\/ul>\n<p data-start=\"352\" data-end=\"436\"><strong data-start=\"352\" data-end=\"434\">Nepotrebno je v resnici tisto, kar je najbolj potrebno. Zakaj potrebujemo ve\u010d?<\/strong><\/p>\n<ul data-start=\"438\" data-end=\"665\">\n<li data-start=\"438\" data-end=\"522\"><strong data-start=\"440\" data-end=\"520\">Zakaj se ob\u010dutek doma\u010dnosti vrednoti vi\u0161je kot \u017eivljenje v domu za starej\u0161e?<\/strong><\/li>\n<li data-start=\"523\" data-end=\"592\"><strong data-start=\"525\" data-end=\"590\">Zakaj diagnoza demence postavlja pod vpra\u0161aj celotno bivanje?<\/strong><\/li>\n<li data-start=\"593\" data-end=\"665\"><strong data-start=\"595\" data-end=\"663\">Zakaj so specializirane oblike bivanja za osebe z demenco nujne?<\/strong><\/li>\n<\/ul>\n<p data-start=\"667\" data-end=\"811\">Prva velika naloga, ki jo imamo, je <strong data-start=\"703\" data-end=\"764\">sprejeti dejstvo, da \u017eivljenje ne potrebuje vedno razlage<\/strong>, da ni vse utemeljeno \u2013 <strong data-start=\"789\" data-end=\"808\">da preprosto je<\/strong>.<\/p>\n<p data-start=\"813\" data-end=\"1195\">V dru\u017ebi, kjer <strong data-start=\"828\" data-end=\"872\">na\u0161a resni\u010dnost predstavlja edino merilo<\/strong>, je te\u017eko ustvariti okolje, ki priznava <strong data-start=\"913\" data-end=\"927\">druga\u010dnost<\/strong> \u2013 prostor, kjer lahko obstajata <strong data-start=\"960\" data-end=\"977\">dve realnosti<\/strong>: na\u0161a in tista, ki jo do\u017eivljajo osebe z demenco. Ta <strong data-start=\"1031\" data-end=\"1054\">sprejeta druga\u010dnost<\/strong> ima danes <strong data-start=\"1065\" data-end=\"1093\">tudi politi\u010dno dimenzijo<\/strong>. Morda je <strong data-start=\"1104\" data-end=\"1192\">na\u010din, kako ravnamo z osebami z demenco, lahko vzor tudi za druga dru\u017ebena vpra\u0161anja<\/strong>.<\/p>\n<p data-start=\"1197\" data-end=\"1514\" data-is-last-node=\"\" data-is-only-node=\"\"><strong data-start=\"1197\" data-end=\"1239\">Nega in oskrba ljudi je kulturno delo.<\/strong> To je mogo\u010de le, \u010de <strong data-start=\"1260\" data-end=\"1313\">priznamo negovanim osebam status kulturnega bitja<\/strong>, hkrati pa tudi negovalci <strong data-start=\"1340\" data-end=\"1395\">sami sebe dojemajo kot nosilce kulturnega prispevka<\/strong>. To vodi k <strong data-start=\"1407\" data-end=\"1449\">spremenjenemu samozavedanju negovalcev<\/strong> \u2013 niso zgolj izvajalci nalog, ampak <strong data-start=\"1486\" data-end=\"1513\">nosilci vizije in ideje<\/strong>.<\/p>\n<\/div>\n<\/div>\n<\/div>\n<\/div>\n<\/div>\n<\/div>\n<\/div>\n<\/div>\n<\/article>\n<div class=\"pointer-events-none h-px w-px\" aria-hidden=\"true\" data-edge=\"true\"><\/div>\n<\/div>\n<\/div>\n<\/div>\n<\/div>\n<div class=\"md:pt-0 dark:border-white\/20 md:border-transparent md:dark:border-transparent w-full isolate has-&#091;&#091;data-has-thread-error&#093;&#093;:&#091;box-shadow:var(--sharp-edge-bottom-shadow)&#093; has-&#091;&#091;data-has-thread-error&#093;&#093;:pt-2\">\n<div>\n<div class=\"m-auto text-base px-3 md:px-4 w-full md:px-5 lg:px-4 xl:px-5\">\n<div class=\"mx-auto flex flex-1 text-base gap-4 md:gap-5 lg:gap-6 md:max-w-3xl lg:max-w-&#091;40rem&#093; xl:max-w-&#091;48rem&#093;\">\n<form class=\"w-full\" aria-haspopup=\"dialog\" aria-expanded=\"false\" aria-controls=\"radix-:reg:\" data-state=\"closed\">\n<div class=\"relative z-&#091;1&#093; flex h-full max-w-full flex-1 flex-col\">\n<div class=\"group relative z-&#091;1&#093; flex w-full items-center\">\n<div class=\"w-full\">\n<div id=\"composer-background\" class=\"flex w-full cursor-text flex-col rounded-3xl border border-token-border-light px-3 py-1 duration-150 ease-in-out contain-inline-size motion-safe:transition-&#091;color,background-color,border-color,text-decoration-color,fill,stroke,box-shadow&#093; dark:border-none dark:shadow-none shadow-&#091;0_9px_9px_0px_rgba(0,0,0,0.01),_0_2px_5px_0px_rgba(0,0,0,0.06)&#093; has-&#091;:focus&#093;:shadow-&#091;0_2px_12px_0px_rgba(0,0,0,0.04),_0_9px_9px_0px_rgba(0,0,0,0.01),_0_2px_5px_0px_rgba(0,0,0,0.06)&#093; bg-token-main-surface-primary dark:bg-&#091;#303030&#093;\">\n<div class=\"mb-2 mt-1 flex items-center justify-between sm:mt-5\">\n<div class=\"flex gap-x-1.5\">\n<div class=\"min-w-9\">\n<div class=\"flex items-center justify-center\"><\/div>\n<\/div>\n<\/div>\n<\/div>\n<\/div>\n<\/div>\n<\/div>\n<\/div>\n<\/form>\n<\/div>\n<\/div>\n<div class=\"relative w-full px-2 py-2 text-center text-xs text-token-text-secondary empty:hidden md:px-&#091;60px&#093;\">\n<div class=\"min-h-4\">\n<div><\/div>\n<\/div>\n<\/div>\n<\/div>\n<\/div>\n<\/div><\/div><\/div><div class=\"rowItem col-md-2  col-sm-4 col-ms-12 btTextLeft animate animate-fadein animate-moveup inherit\"  data-width=\"2\"><div class=\"rowItemContent\" ><\/div><\/div><\/div><\/div><\/div><\/div><\/div><\/section><\/div>","protected":false},"excerpt":{"rendered":"","protected":false},"author":1,"featured_media":0,"parent":6397,"menu_order":0,"comment_status":"closed","ping_status":"closed","template":"","meta":{"footnotes":""},"class_list":["post-6737","page","type-page","status-publish","hentry"],"yoast_head":"<!-- This site is optimized with the Yoast SEO plugin v26.8 - https:\/\/yoast.com\/product\/yoast-seo-wordpress\/ -->\n<title>Get Together (Ronny Tekal) - Alpen Adria Demenzkongress<\/title>\n<meta name=\"robots\" content=\"index, follow, max-snippet:-1, max-image-preview:large, max-video-preview:-1\" \/>\n<link rel=\"canonical\" href=\"https:\/\/www.demenzkongress.com\/sl\/programm-2025\/get-together-ronny-tekal\/\" \/>\n<meta property=\"og:locale\" content=\"sl_SI\" \/>\n<meta property=\"og:type\" content=\"article\" \/>\n<meta property=\"og:title\" content=\"Get Together (Ronny Tekal) - Alpen Adria Demenzkongress\" \/>\n<meta property=\"og:url\" content=\"https:\/\/www.demenzkongress.com\/sl\/programm-2025\/get-together-ronny-tekal\/\" \/>\n<meta property=\"og:site_name\" content=\"Alpen Adria Demenzkongress\" \/>\n<meta property=\"article:modified_time\" content=\"2025-02-25T14:59:36+00:00\" \/>\n<meta name=\"twitter:card\" content=\"summary_large_image\" \/>\n<meta name=\"twitter:label1\" content=\"Est. reading time\" \/>\n\t<meta name=\"twitter:data1\" content=\"3 minute\" \/>\n<script type=\"application\/ld+json\" class=\"yoast-schema-graph\">{\"@context\":\"https:\/\/schema.org\",\"@graph\":[{\"@type\":\"WebPage\",\"@id\":\"https:\/\/www.demenzkongress.com\/sl\/programm-2025\/get-together-ronny-tekal\/\",\"url\":\"https:\/\/www.demenzkongress.com\/sl\/programm-2025\/get-together-ronny-tekal\/\",\"name\":\"Get Together (Ronny Tekal) - Alpen Adria Demenzkongress\",\"isPartOf\":{\"@id\":\"https:\/\/www.demenzkongress.com\/sl\/#website\"},\"datePublished\":\"2024-11-13T15:36:32+00:00\",\"dateModified\":\"2025-02-25T14:59:36+00:00\",\"breadcrumb\":{\"@id\":\"https:\/\/www.demenzkongress.com\/sl\/programm-2025\/get-together-ronny-tekal\/#breadcrumb\"},\"inLanguage\":\"sl-SI\",\"potentialAction\":[{\"@type\":\"ReadAction\",\"target\":[\"https:\/\/www.demenzkongress.com\/sl\/programm-2025\/get-together-ronny-tekal\/\"]}]},{\"@type\":\"BreadcrumbList\",\"@id\":\"https:\/\/www.demenzkongress.com\/sl\/programm-2025\/get-together-ronny-tekal\/#breadcrumb\",\"itemListElement\":[{\"@type\":\"ListItem\",\"position\":1,\"name\":\"Home\",\"item\":\"https:\/\/www.demenzkongress.com\/sl\/\"},{\"@type\":\"ListItem\",\"position\":2,\"name\":\"Program 2025\",\"item\":\"https:\/\/www.demenzkongress.com\/sl\/programm-2025\/\"},{\"@type\":\"ListItem\",\"position\":3,\"name\":\"Get Together (Ronny Tekal)\"}]},{\"@type\":\"WebSite\",\"@id\":\"https:\/\/www.demenzkongress.com\/sl\/#website\",\"url\":\"https:\/\/www.demenzkongress.com\/sl\/\",\"name\":\"Alpen Adria Demenzkongress\",\"description\":\"\",\"publisher\":{\"@id\":\"https:\/\/www.demenzkongress.com\/sl\/#organization\"},\"potentialAction\":[{\"@type\":\"SearchAction\",\"target\":{\"@type\":\"EntryPoint\",\"urlTemplate\":\"https:\/\/www.demenzkongress.com\/sl\/?s={search_term_string}\"},\"query-input\":{\"@type\":\"PropertyValueSpecification\",\"valueRequired\":true,\"valueName\":\"search_term_string\"}}],\"inLanguage\":\"sl-SI\"},{\"@type\":\"Organization\",\"@id\":\"https:\/\/www.demenzkongress.com\/sl\/#organization\",\"name\":\"Alpen Adria Demenkongress\",\"url\":\"https:\/\/www.demenzkongress.com\/sl\/\",\"logo\":{\"@type\":\"ImageObject\",\"inLanguage\":\"sl-SI\",\"@id\":\"https:\/\/www.demenzkongress.com\/sl\/#\/schema\/logo\/image\/\",\"url\":\"https:\/\/www.demenzkongress.com\/wp-content\/uploads\/2018\/07\/tickera_logo.png\",\"contentUrl\":\"https:\/\/www.demenzkongress.com\/wp-content\/uploads\/2018\/07\/tickera_logo.png\",\"width\":392,\"height\":88,\"caption\":\"Alpen Adria Demenkongress\"},\"image\":{\"@id\":\"https:\/\/www.demenzkongress.com\/sl\/#\/schema\/logo\/image\/\"}}]}<\/script>\n<!-- \/ Yoast SEO plugin. -->","yoast_head_json":{"title":"Get Together (Ronny Tekal) - Alpen Adria Demenzkongress","robots":{"index":"index","follow":"follow","max-snippet":"max-snippet:-1","max-image-preview":"max-image-preview:large","max-video-preview":"max-video-preview:-1"},"canonical":"https:\/\/www.demenzkongress.com\/sl\/programm-2025\/get-together-ronny-tekal\/","og_locale":"sl_SI","og_type":"article","og_title":"Get Together (Ronny Tekal) - Alpen Adria Demenzkongress","og_url":"https:\/\/www.demenzkongress.com\/sl\/programm-2025\/get-together-ronny-tekal\/","og_site_name":"Alpen Adria Demenzkongress","article_modified_time":"2025-02-25T14:59:36+00:00","twitter_card":"summary_large_image","twitter_misc":{"Est. reading time":"3 minute"},"schema":{"@context":"https:\/\/schema.org","@graph":[{"@type":"WebPage","@id":"https:\/\/www.demenzkongress.com\/sl\/programm-2025\/get-together-ronny-tekal\/","url":"https:\/\/www.demenzkongress.com\/sl\/programm-2025\/get-together-ronny-tekal\/","name":"Get Together (Ronny Tekal) - Alpen Adria Demenzkongress","isPartOf":{"@id":"https:\/\/www.demenzkongress.com\/sl\/#website"},"datePublished":"2024-11-13T15:36:32+00:00","dateModified":"2025-02-25T14:59:36+00:00","breadcrumb":{"@id":"https:\/\/www.demenzkongress.com\/sl\/programm-2025\/get-together-ronny-tekal\/#breadcrumb"},"inLanguage":"sl-SI","potentialAction":[{"@type":"ReadAction","target":["https:\/\/www.demenzkongress.com\/sl\/programm-2025\/get-together-ronny-tekal\/"]}]},{"@type":"BreadcrumbList","@id":"https:\/\/www.demenzkongress.com\/sl\/programm-2025\/get-together-ronny-tekal\/#breadcrumb","itemListElement":[{"@type":"ListItem","position":1,"name":"Home","item":"https:\/\/www.demenzkongress.com\/sl\/"},{"@type":"ListItem","position":2,"name":"Program 2025","item":"https:\/\/www.demenzkongress.com\/sl\/programm-2025\/"},{"@type":"ListItem","position":3,"name":"Get Together (Ronny Tekal)"}]},{"@type":"WebSite","@id":"https:\/\/www.demenzkongress.com\/sl\/#website","url":"https:\/\/www.demenzkongress.com\/sl\/","name":"Alpen Adria Demenzkongress","description":"","publisher":{"@id":"https:\/\/www.demenzkongress.com\/sl\/#organization"},"potentialAction":[{"@type":"SearchAction","target":{"@type":"EntryPoint","urlTemplate":"https:\/\/www.demenzkongress.com\/sl\/?s={search_term_string}"},"query-input":{"@type":"PropertyValueSpecification","valueRequired":true,"valueName":"search_term_string"}}],"inLanguage":"sl-SI"},{"@type":"Organization","@id":"https:\/\/www.demenzkongress.com\/sl\/#organization","name":"Alpen Adria Demenkongress","url":"https:\/\/www.demenzkongress.com\/sl\/","logo":{"@type":"ImageObject","inLanguage":"sl-SI","@id":"https:\/\/www.demenzkongress.com\/sl\/#\/schema\/logo\/image\/","url":"https:\/\/www.demenzkongress.com\/wp-content\/uploads\/2018\/07\/tickera_logo.png","contentUrl":"https:\/\/www.demenzkongress.com\/wp-content\/uploads\/2018\/07\/tickera_logo.png","width":392,"height":88,"caption":"Alpen Adria Demenkongress"},"image":{"@id":"https:\/\/www.demenzkongress.com\/sl\/#\/schema\/logo\/image\/"}}]}},"_links":{"self":[{"href":"https:\/\/www.demenzkongress.com\/sl\/wp-json\/wp\/v2\/pages\/6737","targetHints":{"allow":["GET"]}}],"collection":[{"href":"https:\/\/www.demenzkongress.com\/sl\/wp-json\/wp\/v2\/pages"}],"about":[{"href":"https:\/\/www.demenzkongress.com\/sl\/wp-json\/wp\/v2\/types\/page"}],"author":[{"embeddable":true,"href":"https:\/\/www.demenzkongress.com\/sl\/wp-json\/wp\/v2\/users\/1"}],"replies":[{"embeddable":true,"href":"https:\/\/www.demenzkongress.com\/sl\/wp-json\/wp\/v2\/comments?post=6737"}],"version-history":[{"count":1,"href":"https:\/\/www.demenzkongress.com\/sl\/wp-json\/wp\/v2\/pages\/6737\/revisions"}],"predecessor-version":[{"id":6753,"href":"https:\/\/www.demenzkongress.com\/sl\/wp-json\/wp\/v2\/pages\/6737\/revisions\/6753"}],"up":[{"embeddable":true,"href":"https:\/\/www.demenzkongress.com\/sl\/wp-json\/wp\/v2\/pages\/6397"}],"wp:attachment":[{"href":"https:\/\/www.demenzkongress.com\/sl\/wp-json\/wp\/v2\/media?parent=6737"}],"curies":[{"name":"wp","href":"https:\/\/api.w.org\/{rel}","templated":true}]}}