{"id":6358,"date":"2018-07-30T14:19:58","date_gmt":"2018-07-30T12:19:58","guid":{"rendered":"https:\/\/www.demenzkongress.com\/referenten-aerzte-2025\/georg-pinter\/"},"modified":"2025-02-18T14:44:45","modified_gmt":"2025-02-18T13:44:45","slug":"georg-pinter","status":"publish","type":"page","link":"https:\/\/www.demenzkongress.com\/sl\/referenten-aerzte-2025\/georg-pinter\/","title":{"rendered":"Georg Pinter"},"content":{"rendered":"<div class=\"bt_rc_container\"><section id=\"bt_section69e1ffee33cda\" data-parallax=\"0.1\" data-parallax-offset=\"0\" class=\"boldSection topExtraSpaced bottomSpaced btDarkSkin gutter btBottomVertical btParallax wBackground cover\" style=\"background-image:url('https:\/\/www.demenzkongress.com\/wp-content\/uploads\/2024\/11\/Alpen-Adria-Demenzkongress-2025-Weiterbildungen-Pflege-Aerzte.jpg');\"><div class=\"port\"><div class=\"boldCell\"><div class=\"boldCellInner\"><div class=\"boldRow \" ><div class=\"boldRowInner\"><div class=\"rowItem col-md-12 col-ms-12  btTextLeft inherit\"  data-width=\"12\"><div class=\"rowItemContent\" ><header class=\"header btClear large btDash bottomDash\" ><div class=\"btSuperTitle\">CONGRESS CENTER VILLACH<\/div><div class=\"dash\"><h2><span class=\"headline\"><b class=\"animate\">2<\/b> dni \/ <b class=\"animate\">21<\/b> predavanj \/ <b class=\"animate\">8<\/b> delavnic\r<br>Vrhunski govorci s podro\u010dja medicine,\r<br>nege in dru\u017ebe<\/span><\/h2><\/div><div class=\"btSubTitle\">28. in 29. marec 2025<\/div><\/header><\/div><\/div><\/div><\/div><\/div><\/div><\/div><\/section><section id=\"bt_section69e1ffee34160\"  class=\"boldSection topSpaced bottomSpaced gutter inherit\" ><div class=\"port\"><div class=\"boldCell\"><div class=\"boldCellInner\"><div class=\"boldRow \" ><div class=\"boldRowInner\"><div class=\"rowItem col-md-2  col-sm-4 col-ms-12 btTextLeft animate animate-fadein inherit\"  data-width=\"2\"><div class=\"rowItemContent\" ><div class=\"btIconImageRow\" ><div class=\"bpgPhoto  btCircleImage\" ><div class=\"btImage\"><img decoding=\"async\" src=\"https:\/\/www.demenzkongress.com\/wp-content\/uploads\/2018\/08\/KDF-referent_0008_KDF_Referent_Pinter_\u00a9Kabeg_2015-320x320.jpg\" alt=\"https:\/\/www.demenzkongress.com\/wp-content\/uploads\/2018\/08\/KDF-referent_0008_KDF_Referent_Pinter_\u00a9Kabeg_2015-320x320.jpg\"><\/div><\/div><\/div><\/div><\/div><div class=\"rowItem col-md-8 col-ms-12 btTextLeft inherit\"  data-width=\"8\"><div class=\"rowItemContent\" ><header class=\"header btClear extralarge btDash bottomDash\" ><div class=\"dash\"><h1><span class=\"headline\">Georg <b class=\"animate\">Pinter<\/b><\/span><\/h1><\/div><div class=\"btSubTitle\">Predstojnik oddelka na kliniki Klagenfurt am W\u00f6rthersee, Center za geriatri\u010dno medicino<\/div><\/header><div class=\"btClear btSeparator topSmallSpaced noBorder\" ><hr><\/div><header class=\"header btClear small btDash bottomDash\" ><div class=\"dash\"><h4><span class=\"headline\">Biografija<\/span><\/h4><\/div><\/header><div class=\"btClear btSeparator topSemiSpaced noBorder\" ><hr><\/div><div class=\"btText\" ><ul>\n<li>\n<h3 data-start=\"0\" data-end=\"36\"><strong data-start=\"4\" data-end=\"34\">Izobrazba in poklicna pot:<\/strong><\/h3>\n<ul data-start=\"37\" data-end=\"565\">\n<li data-start=\"37\" data-end=\"89\">1980\u20131986: \u0160tudij medicine na Univerzi na Dunaju<\/li>\n<li data-start=\"90\" data-end=\"203\">1986\u20131987: Znanstveni asistent na I. medicinski univerzitetni kliniki na Dunaju (Univ. Prof. DDr. E. Deutsch)<\/li>\n<li data-start=\"204\" data-end=\"322\">1987\u20131990: Specializacija na kliniki v Celovcu (Klinikum Klagenfurt), 1990 priznanje kot zdravnik splo\u0161ne medicine<\/li>\n<li data-start=\"323\" data-end=\"480\">1990\u20131994: Nadaljnje usposabljanje za specialista interne medicine na I. medicinskem oddelku bolni\u0161nice LKH Klagenfurt (Univ. Prof. Dr. Dietmar Geissler)<\/li>\n<li data-start=\"481\" data-end=\"565\">1994: Prehod v Geriatri\u010dni oddelek Klinike Klagenfurt (Prim. Dr. H. Wieltschnig)<\/li>\n<\/ul>\n<h3 data-start=\"567\" data-end=\"617\"><strong data-start=\"571\" data-end=\"615\">Strokovna dejavnost in vodilni polo\u017eaji:<\/strong><\/h3>\n<ul data-start=\"618\" data-end=\"2156\" data-is-last-node=\"\">\n<li data-start=\"618\" data-end=\"690\">1993\u20132006: Referent za izobra\u017eevanje pri Zdravni\u0161ki zbornici Koro\u0161ke<\/li>\n<li data-start=\"691\" data-end=\"752\">Od 1995: Geriatri\u010dni referent Zdravni\u0161ke zbornice Koro\u0161ke<\/li>\n<li data-start=\"753\" data-end=\"793\">Od 1996: Specialist interne medicine<\/li>\n<li data-start=\"794\" data-end=\"904\">1998\u20132006: Vodilni zdravnik Oddelka za akutno geriatrijo in remobilizacijo ter Oddelka za kroni\u010dne bolnike<\/li>\n<li data-start=\"905\" data-end=\"1003\">Od 2003: Diplomirani odgovorni za paliativno medicino pri Avstrijski zdravni\u0161ki zbornici (\u00d6\u00c4K)<\/li>\n<li data-start=\"1004\" data-end=\"1128\">Od marca 2003: \u010clan upravnega odbora Avstrijskega zdru\u017eenja za geriatrijo in gerontologijo (trenutno sekretar zdru\u017eenja)<\/li>\n<li data-start=\"1129\" data-end=\"1210\">Od avgusta 2003: So-referent za geriatrijo pri Avstrijski zdravni\u0161ki zbornici<\/li>\n<li data-start=\"1211\" data-end=\"1293\">2008\u20132024: Delegat Avstrijske zdravni\u0161ke zbornice v UEMS \u2013 geriatri\u010dna sekcija<\/li>\n<li data-start=\"1294\" data-end=\"1453\">Od 2006: Primarij Centra za geriatrijo (Oddelek za akutno geriatrijo in remobilizacijo ter Oddelek za kroni\u010dne bolnike) na Kliniki Klagenfurt am W\u00f6rthersee<\/li>\n<li data-start=\"1454\" data-end=\"1599\">2006\u20132015: Namestnik medicinsko-znanstvenega vodje \u0160ole za zdravstveno in negovalno oskrbo de\u017eele Koro\u0161ke na Kliniki Klagenfurt am W\u00f6rthersee<\/li>\n<li data-start=\"1600\" data-end=\"1733\">2016\u20132021: Medicinsko-znanstveni vodja \u0160ole za zdravstveno in negovalno oskrbo de\u017eele Koro\u0161ke na Kliniki Klagenfurt am W\u00f6rthersee<\/li>\n<li data-start=\"1734\" data-end=\"1853\">2008\u20132024: \u010clan upravnega odbora in namestnik predsednika dru\u0161tva <strong data-start=\"1802\" data-end=\"1851\">QiGG (Kakovost v geriatriji in gerontologiji)<\/strong><\/li>\n<li data-start=\"1854\" data-end=\"1966\">2007\u20132009: Soustanovitelj in predsednik zdru\u017eenja <strong data-start=\"1906\" data-end=\"1935\">Geriatri\u010dna mre\u017ea Koro\u0161ke<\/strong>, trenutno sekretar zdru\u017eenja<\/li>\n<li data-start=\"1967\" data-end=\"2062\">2009\u20132014: Namestnik vodje Oddelka za urgentno medicino na Kliniki Klagenfurt am W\u00f6rthersee<\/li>\n<li data-start=\"2063\" data-end=\"2120\">Od 2009: \u010clan <strong data-start=\"2079\" data-end=\"2118\">De\u017eelnega sanitetnega sveta Koro\u0161ke<\/strong><\/li>\n<li data-start=\"2121\" data-end=\"2156\" data-is-last-node=\"\">Od 2011: Specialist za geriatrijo<\/li>\n<\/ul>\n<\/li>\n<\/ul>\n<\/div><div class=\"btText\" ><\/div><\/div><\/div><div class=\"rowItem col-md-2  col-sm-4 col-ms-12 btTextLeft animate animate-fadein animate-moveup inherit\"  data-width=\"2\"><div class=\"rowItemContent\" ><\/div><\/div><\/div><\/div><\/div><\/div><\/div><\/section><\/div>","protected":false},"excerpt":{"rendered":"","protected":false},"author":1,"featured_media":0,"parent":6279,"menu_order":0,"comment_status":"closed","ping_status":"closed","template":"","meta":{"footnotes":""},"class_list":["post-6358","page","type-page","status-publish","hentry"],"yoast_head":"<!-- This site is optimized with the Yoast SEO plugin v26.8 - https:\/\/yoast.com\/product\/yoast-seo-wordpress\/ -->\n<title>Georg Pinter - Alpen Adria Demenzkongress<\/title>\n<meta name=\"robots\" content=\"index, follow, max-snippet:-1, max-image-preview:large, max-video-preview:-1\" \/>\n<link rel=\"canonical\" href=\"https:\/\/www.demenzkongress.com\/sl\/referenten-aerzte-2025\/georg-pinter\/\" \/>\n<meta property=\"og:locale\" content=\"sl_SI\" \/>\n<meta property=\"og:type\" content=\"article\" \/>\n<meta property=\"og:title\" content=\"Georg Pinter - Alpen Adria Demenzkongress\" \/>\n<meta property=\"og:url\" content=\"https:\/\/www.demenzkongress.com\/sl\/referenten-aerzte-2025\/georg-pinter\/\" \/>\n<meta property=\"og:site_name\" content=\"Alpen Adria Demenzkongress\" \/>\n<meta property=\"article:modified_time\" content=\"2025-02-18T13:44:45+00:00\" \/>\n<meta name=\"twitter:card\" content=\"summary_large_image\" \/>\n<meta name=\"twitter:label1\" content=\"Est. reading time\" \/>\n\t<meta name=\"twitter:data1\" content=\"3 minute\" \/>\n<script type=\"application\/ld+json\" class=\"yoast-schema-graph\">{\"@context\":\"https:\/\/schema.org\",\"@graph\":[{\"@type\":\"WebPage\",\"@id\":\"https:\/\/www.demenzkongress.com\/sl\/referenten-aerzte-2025\/georg-pinter\/\",\"url\":\"https:\/\/www.demenzkongress.com\/sl\/referenten-aerzte-2025\/georg-pinter\/\",\"name\":\"Georg Pinter - Alpen Adria Demenzkongress\",\"isPartOf\":{\"@id\":\"https:\/\/www.demenzkongress.com\/sl\/#website\"},\"datePublished\":\"2018-07-30T12:19:58+00:00\",\"dateModified\":\"2025-02-18T13:44:45+00:00\",\"breadcrumb\":{\"@id\":\"https:\/\/www.demenzkongress.com\/sl\/referenten-aerzte-2025\/georg-pinter\/#breadcrumb\"},\"inLanguage\":\"sl-SI\",\"potentialAction\":[{\"@type\":\"ReadAction\",\"target\":[\"https:\/\/www.demenzkongress.com\/sl\/referenten-aerzte-2025\/georg-pinter\/\"]}]},{\"@type\":\"BreadcrumbList\",\"@id\":\"https:\/\/www.demenzkongress.com\/sl\/referenten-aerzte-2025\/georg-pinter\/#breadcrumb\",\"itemListElement\":[{\"@type\":\"ListItem\",\"position\":1,\"name\":\"Home\",\"item\":\"https:\/\/www.demenzkongress.com\/sl\/\"},{\"@type\":\"ListItem\",\"position\":2,\"name\":\"Predavatelji \u2013 zdravniki\",\"item\":\"https:\/\/www.demenzkongress.com\/sl\/referenten-aerzte-2025\/\"},{\"@type\":\"ListItem\",\"position\":3,\"name\":\"Georg Pinter\"}]},{\"@type\":\"WebSite\",\"@id\":\"https:\/\/www.demenzkongress.com\/sl\/#website\",\"url\":\"https:\/\/www.demenzkongress.com\/sl\/\",\"name\":\"Alpen Adria Demenzkongress\",\"description\":\"\",\"publisher\":{\"@id\":\"https:\/\/www.demenzkongress.com\/sl\/#organization\"},\"potentialAction\":[{\"@type\":\"SearchAction\",\"target\":{\"@type\":\"EntryPoint\",\"urlTemplate\":\"https:\/\/www.demenzkongress.com\/sl\/?s={search_term_string}\"},\"query-input\":{\"@type\":\"PropertyValueSpecification\",\"valueRequired\":true,\"valueName\":\"search_term_string\"}}],\"inLanguage\":\"sl-SI\"},{\"@type\":\"Organization\",\"@id\":\"https:\/\/www.demenzkongress.com\/sl\/#organization\",\"name\":\"Alpen Adria Demenkongress\",\"url\":\"https:\/\/www.demenzkongress.com\/sl\/\",\"logo\":{\"@type\":\"ImageObject\",\"inLanguage\":\"sl-SI\",\"@id\":\"https:\/\/www.demenzkongress.com\/sl\/#\/schema\/logo\/image\/\",\"url\":\"https:\/\/www.demenzkongress.com\/wp-content\/uploads\/2018\/07\/tickera_logo.png\",\"contentUrl\":\"https:\/\/www.demenzkongress.com\/wp-content\/uploads\/2018\/07\/tickera_logo.png\",\"width\":392,\"height\":88,\"caption\":\"Alpen Adria Demenkongress\"},\"image\":{\"@id\":\"https:\/\/www.demenzkongress.com\/sl\/#\/schema\/logo\/image\/\"}}]}<\/script>\n<!-- \/ Yoast SEO plugin. -->","yoast_head_json":{"title":"Georg Pinter - Alpen Adria Demenzkongress","robots":{"index":"index","follow":"follow","max-snippet":"max-snippet:-1","max-image-preview":"max-image-preview:large","max-video-preview":"max-video-preview:-1"},"canonical":"https:\/\/www.demenzkongress.com\/sl\/referenten-aerzte-2025\/georg-pinter\/","og_locale":"sl_SI","og_type":"article","og_title":"Georg Pinter - Alpen Adria Demenzkongress","og_url":"https:\/\/www.demenzkongress.com\/sl\/referenten-aerzte-2025\/georg-pinter\/","og_site_name":"Alpen Adria Demenzkongress","article_modified_time":"2025-02-18T13:44:45+00:00","twitter_card":"summary_large_image","twitter_misc":{"Est. reading time":"3 minute"},"schema":{"@context":"https:\/\/schema.org","@graph":[{"@type":"WebPage","@id":"https:\/\/www.demenzkongress.com\/sl\/referenten-aerzte-2025\/georg-pinter\/","url":"https:\/\/www.demenzkongress.com\/sl\/referenten-aerzte-2025\/georg-pinter\/","name":"Georg Pinter - Alpen Adria Demenzkongress","isPartOf":{"@id":"https:\/\/www.demenzkongress.com\/sl\/#website"},"datePublished":"2018-07-30T12:19:58+00:00","dateModified":"2025-02-18T13:44:45+00:00","breadcrumb":{"@id":"https:\/\/www.demenzkongress.com\/sl\/referenten-aerzte-2025\/georg-pinter\/#breadcrumb"},"inLanguage":"sl-SI","potentialAction":[{"@type":"ReadAction","target":["https:\/\/www.demenzkongress.com\/sl\/referenten-aerzte-2025\/georg-pinter\/"]}]},{"@type":"BreadcrumbList","@id":"https:\/\/www.demenzkongress.com\/sl\/referenten-aerzte-2025\/georg-pinter\/#breadcrumb","itemListElement":[{"@type":"ListItem","position":1,"name":"Home","item":"https:\/\/www.demenzkongress.com\/sl\/"},{"@type":"ListItem","position":2,"name":"Predavatelji \u2013 zdravniki","item":"https:\/\/www.demenzkongress.com\/sl\/referenten-aerzte-2025\/"},{"@type":"ListItem","position":3,"name":"Georg Pinter"}]},{"@type":"WebSite","@id":"https:\/\/www.demenzkongress.com\/sl\/#website","url":"https:\/\/www.demenzkongress.com\/sl\/","name":"Alpen Adria Demenzkongress","description":"","publisher":{"@id":"https:\/\/www.demenzkongress.com\/sl\/#organization"},"potentialAction":[{"@type":"SearchAction","target":{"@type":"EntryPoint","urlTemplate":"https:\/\/www.demenzkongress.com\/sl\/?s={search_term_string}"},"query-input":{"@type":"PropertyValueSpecification","valueRequired":true,"valueName":"search_term_string"}}],"inLanguage":"sl-SI"},{"@type":"Organization","@id":"https:\/\/www.demenzkongress.com\/sl\/#organization","name":"Alpen Adria Demenkongress","url":"https:\/\/www.demenzkongress.com\/sl\/","logo":{"@type":"ImageObject","inLanguage":"sl-SI","@id":"https:\/\/www.demenzkongress.com\/sl\/#\/schema\/logo\/image\/","url":"https:\/\/www.demenzkongress.com\/wp-content\/uploads\/2018\/07\/tickera_logo.png","contentUrl":"https:\/\/www.demenzkongress.com\/wp-content\/uploads\/2018\/07\/tickera_logo.png","width":392,"height":88,"caption":"Alpen Adria Demenkongress"},"image":{"@id":"https:\/\/www.demenzkongress.com\/sl\/#\/schema\/logo\/image\/"}}]}},"_links":{"self":[{"href":"https:\/\/www.demenzkongress.com\/sl\/wp-json\/wp\/v2\/pages\/6358","targetHints":{"allow":["GET"]}}],"collection":[{"href":"https:\/\/www.demenzkongress.com\/sl\/wp-json\/wp\/v2\/pages"}],"about":[{"href":"https:\/\/www.demenzkongress.com\/sl\/wp-json\/wp\/v2\/types\/page"}],"author":[{"embeddable":true,"href":"https:\/\/www.demenzkongress.com\/sl\/wp-json\/wp\/v2\/users\/1"}],"replies":[{"embeddable":true,"href":"https:\/\/www.demenzkongress.com\/sl\/wp-json\/wp\/v2\/comments?post=6358"}],"version-history":[{"count":1,"href":"https:\/\/www.demenzkongress.com\/sl\/wp-json\/wp\/v2\/pages\/6358\/revisions"}],"predecessor-version":[{"id":6373,"href":"https:\/\/www.demenzkongress.com\/sl\/wp-json\/wp\/v2\/pages\/6358\/revisions\/6373"}],"up":[{"embeddable":true,"href":"https:\/\/www.demenzkongress.com\/sl\/wp-json\/wp\/v2\/pages\/6279"}],"wp:attachment":[{"href":"https:\/\/www.demenzkongress.com\/sl\/wp-json\/wp\/v2\/media?parent=6358"}],"curies":[{"name":"wp","href":"https:\/\/api.w.org\/{rel}","templated":true}]}}