{"id":6336,"date":"2024-11-18T16:45:22","date_gmt":"2024-11-18T15:45:22","guid":{"rendered":"https:\/\/www.demenzkongress.com\/referenten-aerzte-2025\/julia-hartmann\/"},"modified":"2025-02-18T12:38:27","modified_gmt":"2025-02-18T11:38:27","slug":"julia-hartmann","status":"publish","type":"page","link":"https:\/\/www.demenzkongress.com\/sl\/referenten-aerzte-2025\/julia-hartmann\/","title":{"rendered":"Julia Hartmann"},"content":{"rendered":"<div class=\"bt_rc_container\"><section id=\"bt_section69e1f633588dd\" data-parallax=\"0.1\" data-parallax-offset=\"0\" class=\"boldSection topExtraSpaced bottomSpaced btDarkSkin gutter btBottomVertical btParallax wBackground cover\" style=\"background-image:url('https:\/\/www.demenzkongress.com\/wp-content\/uploads\/2024\/11\/Alpen-Adria-Demenzkongress-2025-Weiterbildungen-Pflege-Aerzte.jpg');\"><div class=\"port\"><div class=\"boldCell\"><div class=\"boldCellInner\"><div class=\"boldRow \" ><div class=\"boldRowInner\"><div class=\"rowItem col-md-12 col-ms-12  btTextLeft inherit\"  data-width=\"12\"><div class=\"rowItemContent\" ><header class=\"header btClear large btDash bottomDash\" ><div class=\"btSuperTitle\">CONGRESS CENTER VILLACH<\/div><div class=\"dash\"><h2><span class=\"headline\"><b class=\"animate\">2<\/b> dni \/ <b class=\"animate\">21<\/b> predavanj \/ <b class=\"animate\">8<\/b> delavnic\r<br>Vrhunski govorci s podro\u010dja medicine,\r<br>nege in dru\u017ebe<\/span><\/h2><\/div><div class=\"btSubTitle\">28. in 29. marec 2025<\/div><\/header><\/div><\/div><\/div><\/div><\/div><\/div><\/div><\/section><section id=\"bt_section69e1f63358dbe\"  class=\"boldSection topSpaced bottomSpaced gutter inherit\" ><div class=\"port\"><div class=\"boldCell\"><div class=\"boldCellInner\"><div class=\"boldRow \" ><div class=\"boldRowInner\"><div class=\"rowItem col-md-2  col-sm-4 col-ms-12 btTextLeft animate animate-fadein inherit\"  data-width=\"2\"><div class=\"rowItemContent\" ><div class=\"btIconImageRow\" ><div class=\"bpgPhoto  btCircleImage\" ><div class=\"btImage\"><img decoding=\"async\" src=\"https:\/\/www.demenzkongress.com\/wp-content\/uploads\/2024\/11\/Hartmann-Julia_Demezkongress-320x320.jpg\" alt=\"https:\/\/www.demenzkongress.com\/wp-content\/uploads\/2024\/11\/Hartmann-Julia_Demezkongress-320x320.jpg\"><\/div><\/div><\/div><\/div><\/div><div class=\"rowItem col-md-8 col-ms-12 btTextLeft inherit\"  data-width=\"8\"><div class=\"rowItemContent\" ><header class=\"header btClear extralarge btDash bottomDash\" ><div class=\"dash\"><h1><span class=\"headline\">Julia <b class=\"animate\">Hartmann<\/b><\/span><\/h1><\/div><div class=\"btSubTitle\">Specialistka za nevrologijo, paliativno medicino in geriatrijo<\/div><\/header><div class=\"btClear btSeparator topSmallSpaced noBorder\" ><hr><\/div><header class=\"header btClear small btDash bottomDash\" ><div class=\"dash\"><h4><span class=\"headline\">Biografija<\/span><\/h4><\/div><\/header><div class=\"btText\" ><h3 data-start=\"0\" data-end=\"23\"><strong data-start=\"4\" data-end=\"21\">Poklicna pot:<\/strong><\/h3>\n<ul data-start=\"24\" data-end=\"238\">\n<li data-start=\"24\" data-end=\"118\">Od 2019: Zasebna ordinacija za nevrologijo, geriatrijo in paliativno medicino v Zornedingu<\/li>\n<li data-start=\"119\" data-end=\"186\">Svetovalka za etiko v zdravstvu (Akademija za medicinsko etiko)<\/li>\n<li data-start=\"187\" data-end=\"238\">Priznanje specializacije iz geriatrije, M\u00fcnchen<\/li>\n<\/ul>\n<h3 data-start=\"240\" data-end=\"267\"><strong data-start=\"244\" data-end=\"265\">Delovne izku\u0161nje:<\/strong><\/h3>\n<ul data-start=\"268\" data-end=\"867\">\n<li data-start=\"268\" data-end=\"335\">2017\u20132022: Psihiatrija, TU M\u00fcnchen, Center za kognitivne motnje<\/li>\n<li data-start=\"336\" data-end=\"419\">2013\u20132017: kbo Isar-Amper-Klinikum M\u00fcnchen Ost, Ambulanta za gerontopsihiatrijo<\/li>\n<li data-start=\"420\" data-end=\"573\">2009\u20132013: Nevrologija, zasebna ordinacija Dres. Klein &amp; Gnahn, Ebersberg\n<ul data-start=\"500\" data-end=\"573\">\n<li data-start=\"500\" data-end=\"573\">Od 2010: Sodna izvedenska mnenja (npr. skrbni\u0161tvo, sprejem v varstvo)<\/li>\n<\/ul>\n<\/li>\n<li data-start=\"574\" data-end=\"614\">Specialistka za nevrologijo, M\u00fcnchen<\/li>\n<li data-start=\"615\" data-end=\"675\">Priznanje specializacije iz paliativne medicine, M\u00fcnchen<\/li>\n<li data-start=\"676\" data-end=\"743\">2002\u20132009: Psihiatrija, TU M\u00fcnchen, Center za kognitivne motnje<\/li>\n<li data-start=\"744\" data-end=\"809\">1999\u20132002: Nevrologija, Mestna bolni\u0161nica M\u00fcnchen-Bogenhausen<\/li>\n<li data-start=\"810\" data-end=\"867\">Nevrokirurgija, Mestna bolni\u0161nica M\u00fcnchen-Bogenhausen<\/li>\n<\/ul>\n<h3 data-start=\"869\" data-end=\"893\"><strong data-start=\"873\" data-end=\"891\">Izobra\u017eevanje:<\/strong><\/h3>\n<ul data-start=\"894\" data-end=\"1033\">\n<li data-start=\"894\" data-end=\"989\">1991\u20131997: \u0160tipendistka nem\u0161ke \u0161tudijske fundacije (<em data-start=\"948\" data-end=\"986\">Studienstiftung des deutschen Volkes<\/em>)<\/li>\n<li data-start=\"990\" data-end=\"1033\">1990\u20131997: \u0160tudij medicine, LMU M\u00fcnchen<\/li>\n<\/ul>\n<h3 data-start=\"1035\" data-end=\"1067\"><strong data-start=\"1039\" data-end=\"1065\">Raziskovalna podro\u010dja:<\/strong><\/h3>\n<ul data-start=\"1068\" data-end=\"1420\" data-is-last-node=\"\">\n<li data-start=\"1068\" data-end=\"1123\">Psihofarmakoterapija pri demenci (<em data-start=\"1104\" data-end=\"1120\">DECIDE-projekt<\/em>)<\/li>\n<li data-start=\"1124\" data-end=\"1177\">Paliativna oskrba pri demenci (<em data-start=\"1157\" data-end=\"1174\">EPYLOGE-\u0161tudija<\/em>)<\/li>\n<li data-start=\"1178\" data-end=\"1212\">Na\u010drtovanje oskrbe pri demenci<\/li>\n<li data-start=\"1213\" data-end=\"1288\">Napredovana demenca in konec \u017eivljenja: soavtorica priro\u010dnika za svojce<\/li>\n<li data-start=\"1289\" data-end=\"1318\">Samomorilnost pri demenci<\/li>\n<li data-start=\"1319\" data-end=\"1420\" data-is-last-node=\"\">Prepre\u010devanje kardiovaskularnih bolezni\/demence, raziskave zdravstvenega varstva (<em data-start=\"1403\" data-end=\"1419\">INVADE-\u0161tudija<\/em>)<\/li>\n<\/ul>\n<\/div><\/div><\/div><div class=\"rowItem col-md-2  col-sm-4 col-ms-12 btTextLeft animate animate-fadein animate-moveup inherit\"  data-width=\"2\"><div class=\"rowItemContent\" ><\/div><\/div><\/div><\/div><\/div><\/div><\/div><\/section><\/div>","protected":false},"excerpt":{"rendered":"","protected":false},"author":7,"featured_media":0,"parent":6279,"menu_order":0,"comment_status":"closed","ping_status":"closed","template":"","meta":{"footnotes":""},"class_list":["post-6336","page","type-page","status-publish","hentry"],"yoast_head":"<!-- This site is optimized with the Yoast SEO plugin v26.8 - https:\/\/yoast.com\/product\/yoast-seo-wordpress\/ -->\n<title>Julia Hartmann - Alpen Adria Demenzkongress<\/title>\n<meta name=\"robots\" content=\"index, follow, max-snippet:-1, max-image-preview:large, max-video-preview:-1\" \/>\n<link rel=\"canonical\" href=\"https:\/\/www.demenzkongress.com\/sl\/referenten-aerzte-2025\/julia-hartmann\/\" \/>\n<meta property=\"og:locale\" content=\"sl_SI\" \/>\n<meta property=\"og:type\" content=\"article\" \/>\n<meta property=\"og:title\" content=\"Julia Hartmann - Alpen Adria Demenzkongress\" \/>\n<meta property=\"og:url\" content=\"https:\/\/www.demenzkongress.com\/sl\/referenten-aerzte-2025\/julia-hartmann\/\" \/>\n<meta property=\"og:site_name\" content=\"Alpen Adria Demenzkongress\" \/>\n<meta property=\"article:modified_time\" content=\"2025-02-18T11:38:27+00:00\" \/>\n<meta name=\"twitter:card\" content=\"summary_large_image\" \/>\n<meta name=\"twitter:label1\" content=\"Est. reading time\" \/>\n\t<meta name=\"twitter:data1\" content=\"2 minuti\" \/>\n<script type=\"application\/ld+json\" class=\"yoast-schema-graph\">{\"@context\":\"https:\/\/schema.org\",\"@graph\":[{\"@type\":\"WebPage\",\"@id\":\"https:\/\/www.demenzkongress.com\/sl\/referenten-aerzte-2025\/julia-hartmann\/\",\"url\":\"https:\/\/www.demenzkongress.com\/sl\/referenten-aerzte-2025\/julia-hartmann\/\",\"name\":\"Julia Hartmann - Alpen Adria Demenzkongress\",\"isPartOf\":{\"@id\":\"https:\/\/www.demenzkongress.com\/sl\/#website\"},\"datePublished\":\"2024-11-18T15:45:22+00:00\",\"dateModified\":\"2025-02-18T11:38:27+00:00\",\"breadcrumb\":{\"@id\":\"https:\/\/www.demenzkongress.com\/sl\/referenten-aerzte-2025\/julia-hartmann\/#breadcrumb\"},\"inLanguage\":\"sl-SI\",\"potentialAction\":[{\"@type\":\"ReadAction\",\"target\":[\"https:\/\/www.demenzkongress.com\/sl\/referenten-aerzte-2025\/julia-hartmann\/\"]}]},{\"@type\":\"BreadcrumbList\",\"@id\":\"https:\/\/www.demenzkongress.com\/sl\/referenten-aerzte-2025\/julia-hartmann\/#breadcrumb\",\"itemListElement\":[{\"@type\":\"ListItem\",\"position\":1,\"name\":\"Home\",\"item\":\"https:\/\/www.demenzkongress.com\/sl\/\"},{\"@type\":\"ListItem\",\"position\":2,\"name\":\"Predavatelji \u2013 zdravniki\",\"item\":\"https:\/\/www.demenzkongress.com\/sl\/referenten-aerzte-2025\/\"},{\"@type\":\"ListItem\",\"position\":3,\"name\":\"Julia Hartmann\"}]},{\"@type\":\"WebSite\",\"@id\":\"https:\/\/www.demenzkongress.com\/sl\/#website\",\"url\":\"https:\/\/www.demenzkongress.com\/sl\/\",\"name\":\"Alpen Adria Demenzkongress\",\"description\":\"\",\"publisher\":{\"@id\":\"https:\/\/www.demenzkongress.com\/sl\/#organization\"},\"potentialAction\":[{\"@type\":\"SearchAction\",\"target\":{\"@type\":\"EntryPoint\",\"urlTemplate\":\"https:\/\/www.demenzkongress.com\/sl\/?s={search_term_string}\"},\"query-input\":{\"@type\":\"PropertyValueSpecification\",\"valueRequired\":true,\"valueName\":\"search_term_string\"}}],\"inLanguage\":\"sl-SI\"},{\"@type\":\"Organization\",\"@id\":\"https:\/\/www.demenzkongress.com\/sl\/#organization\",\"name\":\"Alpen Adria Demenkongress\",\"url\":\"https:\/\/www.demenzkongress.com\/sl\/\",\"logo\":{\"@type\":\"ImageObject\",\"inLanguage\":\"sl-SI\",\"@id\":\"https:\/\/www.demenzkongress.com\/sl\/#\/schema\/logo\/image\/\",\"url\":\"https:\/\/www.demenzkongress.com\/wp-content\/uploads\/2018\/07\/tickera_logo.png\",\"contentUrl\":\"https:\/\/www.demenzkongress.com\/wp-content\/uploads\/2018\/07\/tickera_logo.png\",\"width\":392,\"height\":88,\"caption\":\"Alpen Adria Demenkongress\"},\"image\":{\"@id\":\"https:\/\/www.demenzkongress.com\/sl\/#\/schema\/logo\/image\/\"}}]}<\/script>\n<!-- \/ Yoast SEO plugin. -->","yoast_head_json":{"title":"Julia Hartmann - Alpen Adria Demenzkongress","robots":{"index":"index","follow":"follow","max-snippet":"max-snippet:-1","max-image-preview":"max-image-preview:large","max-video-preview":"max-video-preview:-1"},"canonical":"https:\/\/www.demenzkongress.com\/sl\/referenten-aerzte-2025\/julia-hartmann\/","og_locale":"sl_SI","og_type":"article","og_title":"Julia Hartmann - Alpen Adria Demenzkongress","og_url":"https:\/\/www.demenzkongress.com\/sl\/referenten-aerzte-2025\/julia-hartmann\/","og_site_name":"Alpen Adria Demenzkongress","article_modified_time":"2025-02-18T11:38:27+00:00","twitter_card":"summary_large_image","twitter_misc":{"Est. reading time":"2 minuti"},"schema":{"@context":"https:\/\/schema.org","@graph":[{"@type":"WebPage","@id":"https:\/\/www.demenzkongress.com\/sl\/referenten-aerzte-2025\/julia-hartmann\/","url":"https:\/\/www.demenzkongress.com\/sl\/referenten-aerzte-2025\/julia-hartmann\/","name":"Julia Hartmann - Alpen Adria Demenzkongress","isPartOf":{"@id":"https:\/\/www.demenzkongress.com\/sl\/#website"},"datePublished":"2024-11-18T15:45:22+00:00","dateModified":"2025-02-18T11:38:27+00:00","breadcrumb":{"@id":"https:\/\/www.demenzkongress.com\/sl\/referenten-aerzte-2025\/julia-hartmann\/#breadcrumb"},"inLanguage":"sl-SI","potentialAction":[{"@type":"ReadAction","target":["https:\/\/www.demenzkongress.com\/sl\/referenten-aerzte-2025\/julia-hartmann\/"]}]},{"@type":"BreadcrumbList","@id":"https:\/\/www.demenzkongress.com\/sl\/referenten-aerzte-2025\/julia-hartmann\/#breadcrumb","itemListElement":[{"@type":"ListItem","position":1,"name":"Home","item":"https:\/\/www.demenzkongress.com\/sl\/"},{"@type":"ListItem","position":2,"name":"Predavatelji \u2013 zdravniki","item":"https:\/\/www.demenzkongress.com\/sl\/referenten-aerzte-2025\/"},{"@type":"ListItem","position":3,"name":"Julia Hartmann"}]},{"@type":"WebSite","@id":"https:\/\/www.demenzkongress.com\/sl\/#website","url":"https:\/\/www.demenzkongress.com\/sl\/","name":"Alpen Adria Demenzkongress","description":"","publisher":{"@id":"https:\/\/www.demenzkongress.com\/sl\/#organization"},"potentialAction":[{"@type":"SearchAction","target":{"@type":"EntryPoint","urlTemplate":"https:\/\/www.demenzkongress.com\/sl\/?s={search_term_string}"},"query-input":{"@type":"PropertyValueSpecification","valueRequired":true,"valueName":"search_term_string"}}],"inLanguage":"sl-SI"},{"@type":"Organization","@id":"https:\/\/www.demenzkongress.com\/sl\/#organization","name":"Alpen Adria Demenkongress","url":"https:\/\/www.demenzkongress.com\/sl\/","logo":{"@type":"ImageObject","inLanguage":"sl-SI","@id":"https:\/\/www.demenzkongress.com\/sl\/#\/schema\/logo\/image\/","url":"https:\/\/www.demenzkongress.com\/wp-content\/uploads\/2018\/07\/tickera_logo.png","contentUrl":"https:\/\/www.demenzkongress.com\/wp-content\/uploads\/2018\/07\/tickera_logo.png","width":392,"height":88,"caption":"Alpen Adria Demenkongress"},"image":{"@id":"https:\/\/www.demenzkongress.com\/sl\/#\/schema\/logo\/image\/"}}]}},"_links":{"self":[{"href":"https:\/\/www.demenzkongress.com\/sl\/wp-json\/wp\/v2\/pages\/6336","targetHints":{"allow":["GET"]}}],"collection":[{"href":"https:\/\/www.demenzkongress.com\/sl\/wp-json\/wp\/v2\/pages"}],"about":[{"href":"https:\/\/www.demenzkongress.com\/sl\/wp-json\/wp\/v2\/types\/page"}],"author":[{"embeddable":true,"href":"https:\/\/www.demenzkongress.com\/sl\/wp-json\/wp\/v2\/users\/7"}],"replies":[{"embeddable":true,"href":"https:\/\/www.demenzkongress.com\/sl\/wp-json\/wp\/v2\/comments?post=6336"}],"version-history":[{"count":1,"href":"https:\/\/www.demenzkongress.com\/sl\/wp-json\/wp\/v2\/pages\/6336\/revisions"}],"predecessor-version":[{"id":6338,"href":"https:\/\/www.demenzkongress.com\/sl\/wp-json\/wp\/v2\/pages\/6336\/revisions\/6338"}],"up":[{"embeddable":true,"href":"https:\/\/www.demenzkongress.com\/sl\/wp-json\/wp\/v2\/pages\/6279"}],"wp:attachment":[{"href":"https:\/\/www.demenzkongress.com\/sl\/wp-json\/wp\/v2\/media?parent=6336"}],"curies":[{"name":"wp","href":"https:\/\/api.w.org\/{rel}","templated":true}]}}