{"id":6218,"date":"2018-07-24T10:11:41","date_gmt":"2018-07-24T08:11:41","guid":{"rendered":"https:\/\/www.demenzkongress.com\/agb\/"},"modified":"2025-02-25T17:26:32","modified_gmt":"2025-02-25T16:26:32","slug":"splosni-pogoji","status":"publish","type":"page","link":"https:\/\/www.demenzkongress.com\/sl\/splosni-pogoji\/","title":{"rendered":"Splo\u0161ni pogoji"},"content":{"rendered":"<div class=\"bt_rc_container\"><section id=\"bt_section6a099074d4bff\"  class=\"boldSection topSpaced bottomSpaced btDarkSkin gutter inherit wBackground cover\" style=\"background-image:url('https:\/\/www.demenzkongress.com\/wp-content\/uploads\/2018\/07\/header_front_bg.jpg');\"><div class=\"port\"><div class=\"boldCell\"><div class=\"boldCellInner\"><div class=\"boldRow \" ><div class=\"boldRowInner\"><div class=\"rowItem col-md-12 col-ms-12  btTextLeft\"  data-width=\"12\"><div class=\"rowItemContent\" ><header class=\"header btClear medium\" ><\/header><\/div><\/div><\/div><\/div><\/div><\/div><\/div><\/section><section id=\"bt_section6a099074d4ed9\"  class=\"boldSection topSpaced bottomSpaced gutter inherit\" ><div class=\"port\"><div class=\"boldCell\"><div class=\"boldCellInner\"><div class=\"boldRow \" ><div class=\"boldRowInner\"><div class=\"rowItem col-md-12 col-ms-12  btTextLeft\"  data-width=\"12\"><div class=\"rowItemContent\" ><div class=\"btText\" ><h3 data-start=\"97\" data-end=\"160\"><strong data-start=\"97\" data-end=\"126\">Splo\u0161ni pogoji poslovanja<\/strong><br data-start=\"126\" data-end=\"129\" \/>v trenutno veljavni razli\u010dici<\/h3>\n<p data-start=\"162\" data-end=\"213\"><strong data-start=\"162\" data-end=\"211\">\u00a7 1 Obseg veljavnosti in klavzula o zavrnitvi<\/strong><\/p>\n<p data-start=\"215\" data-end=\"506\">(1) Za pravne odnose, ki nastanejo preko te spletne strani med upravljavcem trgovine (v nadaljevanju &#8220;ponudnik&#8221;) in njegovimi kupci, veljajo izklju\u010dno naslednji splo\u0161ni pogoji poslovanja v veljavni razli\u010dici ob \u010dasu naro\u010dila.<br data-start=\"440\" data-end=\"443\" \/>(2) Odstopajo\u010di splo\u0161ni pogoji poslovanja kupca se zavra\u010dajo.<\/p>\n<p data-start=\"508\" data-end=\"534\"><strong data-start=\"508\" data-end=\"532\">\u00a7 2 Nastanek pogodbe<\/strong><\/p>\n<p data-start=\"536\" data-end=\"1118\">(1) S po\u0161iljanjem naro\u010dila kupec odda zavezujo\u010do ponudbo, usmerjeno na sklenitev kupoprodajne pogodbe za izdelke, navedene v naro\u010dilu. S po\u0161iljanjem naro\u010dila kupec tudi sprejema te pogoje poslovanja kot edine, ki so pomembni za pravni odnos z ponudnikom.<br data-start=\"790\" data-end=\"793\" \/>(2) Ponudnik potrdi prejem naro\u010dila kupca z oddajo potrditvenega e-sporo\u010dila. Ta potrditvena e-po\u0161ta \u0161e ne pomeni sprejema pogodbe s strani ponudnika. Slu\u017ei le kot informacija kupcu, da je naro\u010dilo pri\u0161lo do ponudnika. Sprejem pogodbe se zgodi z dostavo blaga (po\u0161iljanjem vstopnic) ali z izrecno izjavo o sprejemu ponudbe.<\/p>\n<p data-start=\"1120\" data-end=\"1137\"><strong data-start=\"1120\" data-end=\"1135\">\u00a7 3 Pla\u010dilo<\/strong><\/p>\n<p data-start=\"1139\" data-end=\"1951\">(1) Vstopnice, kupljene za po\u0161iljanje ali prevzem, je mogo\u010de pla\u010dati vnaprej ali z direktno obremenitvijo. Vstopnica postane veljavna \u0161ele po popolnem pla\u010dilu. Vstopnice za tiskan@domov bodo poslani kupcu \u0161ele po popolnem pla\u010dilu.<br data-start=\"1369\" data-end=\"1372\" \/>(2) Podjetje AOS GmbH si pridr\u017euje pravico, da kadarkoli prekli\u010de naro\u010dila in pogodbe (enostranska pravica do odpovedi), \u010de kupec kr\u0161i specifi\u010dne pogoje, ki jih je organizator dolo\u010dil in so bili navedeni v okviru predprodaje, ali jih posku\u0161a obiti (npr. kr\u0161itev omejitve \u0161tevila vstopnic na kupca, kr\u0161itev pogojev, zlasti prepovedi preprodaje, poskus obvoda preko registracije in uporabe ve\u010d uporabni\u0161kih profilov itd.). Izjava o preklicu\/odstopu se lahko izvede tudi implicitno z nakazilom povrnjenih zneskov. Kupci nimajo pravice do odstopa v skladu z \u00a7 18 odst. 1 Z 10 FAGG.<\/p>\n<p data-start=\"1953\" data-end=\"1979\"><strong data-start=\"1953\" data-end=\"1977\">\u00a7 4 Dostava, uporaba<\/strong><\/p>\n<p data-start=\"1981\" data-end=\"3010\">(1) Po\u0161iljanje vstopnic poteka obi\u010dajno kot tisk@domov vstopnice, elektronsko po e-po\u0161ti. \u010ce kupec izrecno zahteva po\u0161iljanje po po\u0161ti, se po\u0161lje v Sloveniji kot navaden priporo\u010deni dopis. Dodatni stro\u0161ki po\u0161iljanja ne bodo zara\u010dunani in so \u017ee vklju\u010deni v ceno vstopnice. \u010cas dostave je obi\u010dajno od 4 do 6 delovnih dni po prejemu pla\u010dila. Po\u0161iljanje vstopnic poteka na tveganje kupca. Podjetje AOS GmbH ne prevzema odgovornosti za priporo\u010dene po\u0161iljke, ki so bile pravilno odposlane. Zahtevki za od\u0161kodnino zaradi nedostave vstopnic ne bodo povrnjeni s strani AOS GmbH.<br data-start=\"2550\" data-end=\"2553\" \/>(2) Vstopnice ne smejo biti zlorabljene, kopirane ali spreminjane. Tisk@domov vstopnice ne smejo biti kopirane ali poslane naprej. Ob dostopu velja na\u010delo prvega dostopa (tisk@domov vstopnica, ki je bila kot prva sprejeta z edinstveno identifikacijo, je veljavna. Vse naslednje vstopnice z enako identifikacijo bodo samodejno uni\u010dene ob dostopu prve). Z uporabo vstopnice kupec sprejema tudi splo\u0161ne pogoje organizatorja in hi\u0161ni red prireditvenega mesta.<\/p>\n<p data-start=\"3012\" data-end=\"3046\"><strong data-start=\"3012\" data-end=\"3044\">\u00a7 5 Izklju\u010ditev odgovornosti<\/strong><\/p>\n<p data-start=\"3048\" data-end=\"3553\">(1) Preklic \u017ee pla\u010danih vstopnic ni mogo\u010d, razen \u010de se uporabljajo dolo\u010dbe KSchG. Potro\u0161nikom pripada pravica do odstopa v skladu z dolo\u010dbami KSchG, ki jo morajo uveljaviti v 7 dneh po sklenitvi pogodbe. V primeru pravno veljavnega odstopa je dogovorjeno, da kupec povrne stro\u0161ke vra\u010dila.<br data-start=\"3336\" data-end=\"3339\" \/>(2) Spremembe programa ali prestavitve za\u010detnih \u010dasov ne upravi\u010dujejo do spremembe ali zni\u017eanja cene. Za nadomestilo morebitnih dodatnih stro\u0161kov ali prevozov, hotelov, no\u010ditev itd. ni mogo\u010de zahtevati povra\u010dila.<\/p>\n<p data-start=\"3555\" data-end=\"3600\"><strong data-start=\"3555\" data-end=\"3598\">\u00a7 6 Odpoved dogodka, spremembe, vra\u010dila<\/strong><\/p>\n<p data-start=\"3602\" data-end=\"4716\">(1) AOS GmbH je odgovorna za vra\u010dilo vstopnine v primeru odpovedi ali prekinitve dogodka. V primeru vra\u010dila bo znesek vstopnice, naveden na ra\u010dunu, povrnjen. Vstopnice je mogo\u010de vrniti do dveh mesecev po predvidenem datumu dogodka, \u010de ne nasprotujejo splo\u0161nim pogojem organizatorja ali prireditvenega kraja, in sicer z vra\u010dilom izvirnih vstopnic po po\u0161ti z oddanim priporo\u010dilom na naslov: AOS GmbH, Ringmauergasse 3, 9500 Villach, z navedbo imena, \u0161tevilke ra\u010duna, imena banke in \u0161tevilke ban\u010dne kode za vra\u010dilo.<br data-start=\"4114\" data-end=\"4117\" \/>(2) Lastniki tisk@domov vstopnic bodo v primeru odpovedi ali prekinitve dogodka prejeli ustrezen znesek brez nadaljnjih zahtevkov na na\u010din, na katerega so vstopnico pla\u010dali. V tem postopku bo vstopnica uni\u010dena. Spremembe v sestavi ali programu so mo\u017ene, \u010de so razumne, manj\u0161e in strokovno utemeljene.<br data-start=\"4417\" data-end=\"4420\" \/>(3) V primeru odpovedi ali prekinitve dogodka si AOS GmbH pridr\u017euje pravico, da obvesti stranke, ki so kupile vstopnice za dogodek, o teh spremembah. To obvestilo je prostovoljna storitev AOS GmbH in se lahko po\u0161lje po po\u0161ti ali preko e-po\u0161te ali SMS, \u010de so na voljo ustrezni kontaktni podatki.<\/p>\n<p data-start=\"4718\" data-end=\"4744\"><strong data-start=\"4718\" data-end=\"4742\">\u00a7 7 Varstvo podatkov<\/strong><\/p>\n<p data-start=\"4746\" data-end=\"5124\">Kupec sprejema, da so njegovi podatki, ki jih je elektronsko posredoval, obdelani s strani AOS GmbH za namene obdelave pogodbe. Prav tako sogla\u0161a, da so ti podatki v skladu z zakonodajo in omejitvami Zakona o varstvu osebnih podatkov (ZVOP-1) posredovani krovnim podjetjem AOS GmbH (mati\u010dnim ali h\u010derinskim dru\u017ebam). Kupec je obve\u0161\u010den, da lahko to soglasje kadarkoli prekli\u010de.<\/p>\n<p data-start=\"5126\" data-end=\"5169\"><strong data-start=\"5126\" data-end=\"5167\">\u00a7 8 Obveznosti obve\u0161\u010danja po \u00a7 4 FAGG<\/strong><\/p>\n<p data-start=\"5171\" data-end=\"5548\">(1) Prodajo vstopnic izvaja AOS GmbH. Podjetje ima sede\u017e na naslovu Ringmauergasse 3, 9500 Villach. Za morebitna vpra\u0161anja lahko kupec podjetje kontaktira preko naslednjih komunikacijskih poti: Tel.: +43 (0) 4242 29 191 | Fax: +43 (0) 4242 29 191 20 | E-mail: <a rel=\"noopener\" data-start=\"5431\" data-end=\"5456\">office@demenzkongress.com<\/a><br data-start=\"5456\" data-end=\"5459\" \/>(2) Veljajo cene, navedene v spletni trgovini. Vse cene vklju\u010dujejo vse dav\u010dne dajatve.<\/p>\n<p data-start=\"5550\" data-end=\"5574\"><strong data-start=\"5550\" data-end=\"5572\">\u00a7 9 Kon\u010dne dolo\u010dbe<\/strong><\/p>\n<p data-start=\"5576\" data-end=\"6021\">Kraj izpolnitve za obe pogodbeni stranki je 9500 Villach. Za re\u0161evanje sporov je pristojno sodi\u0161\u010de, ki je krajevno in stvarno pristojno za sede\u017e AOS GmbH. Velja izklju\u010dno avstrijsko materialno pravo. \u010ce je kupec potro\u0161nik v skladu s KSchG, je za morebitne pravne spore pristojno tisto sodi\u0161\u010de, v katerega okro\u017eje spada stalno prebivali\u0161\u010de, obi\u010dajno bivali\u0161\u010de ali kraj zaposlitve kupca.<br data-start=\"5961\" data-end=\"5964\" \/>Poslovni register: FN112553w<br data-start=\"5992\" data-end=\"5995\" \/>ID \u0161tevilka: ATU26590301<\/p>\n<p data-start=\"6023\" data-end=\"6054\"><strong data-start=\"6023\" data-end=\"6052\">\u00a7 10 Salvadorska klavzula<\/strong><\/p>\n<p data-start=\"6056\" data-end=\"6170\">\u010ce je katera od dolo\u010db teh splo\u0161nih pogojev poslovanja neveljavna, to ne vpliva na veljavnost preostalih dolo\u010db.<\/p>\n<\/div><\/div><\/div><\/div><\/div><\/div><\/div><\/div><\/section><\/div>","protected":false},"excerpt":{"rendered":"","protected":false},"author":1,"featured_media":0,"parent":0,"menu_order":0,"comment_status":"closed","ping_status":"closed","template":"","meta":{"footnotes":""},"class_list":["post-6218","page","type-page","status-publish","hentry"],"yoast_head":"<!-- This site is optimized with the Yoast SEO plugin v26.8 - https:\/\/yoast.com\/product\/yoast-seo-wordpress\/ -->\n<title>Splo\u0161ni pogoji - Alpen Adria Demenzkongress<\/title>\n<meta name=\"robots\" content=\"index, follow, max-snippet:-1, max-image-preview:large, max-video-preview:-1\" \/>\n<link rel=\"canonical\" href=\"https:\/\/www.demenzkongress.com\/sl\/splosni-pogoji\/\" \/>\n<meta property=\"og:locale\" content=\"sl_SI\" \/>\n<meta property=\"og:type\" content=\"article\" \/>\n<meta property=\"og:title\" content=\"Splo\u0161ni pogoji - Alpen Adria Demenzkongress\" \/>\n<meta property=\"og:url\" content=\"https:\/\/www.demenzkongress.com\/sl\/splosni-pogoji\/\" \/>\n<meta property=\"og:site_name\" content=\"Alpen Adria Demenzkongress\" \/>\n<meta property=\"article:modified_time\" content=\"2025-02-25T16:26:32+00:00\" \/>\n<meta name=\"twitter:card\" content=\"summary_large_image\" \/>\n<meta name=\"twitter:label1\" content=\"Est. reading time\" \/>\n\t<meta name=\"twitter:data1\" content=\"6 minut\" \/>\n<script type=\"application\/ld+json\" class=\"yoast-schema-graph\">{\"@context\":\"https:\/\/schema.org\",\"@graph\":[{\"@type\":\"WebPage\",\"@id\":\"https:\/\/www.demenzkongress.com\/sl\/splosni-pogoji\/\",\"url\":\"https:\/\/www.demenzkongress.com\/sl\/splosni-pogoji\/\",\"name\":\"Splo\u0161ni pogoji - Alpen Adria Demenzkongress\",\"isPartOf\":{\"@id\":\"https:\/\/www.demenzkongress.com\/sl\/#website\"},\"datePublished\":\"2018-07-24T08:11:41+00:00\",\"dateModified\":\"2025-02-25T16:26:32+00:00\",\"breadcrumb\":{\"@id\":\"https:\/\/www.demenzkongress.com\/sl\/splosni-pogoji\/#breadcrumb\"},\"inLanguage\":\"sl-SI\",\"potentialAction\":[{\"@type\":\"ReadAction\",\"target\":[\"https:\/\/www.demenzkongress.com\/sl\/splosni-pogoji\/\"]}]},{\"@type\":\"BreadcrumbList\",\"@id\":\"https:\/\/www.demenzkongress.com\/sl\/splosni-pogoji\/#breadcrumb\",\"itemListElement\":[{\"@type\":\"ListItem\",\"position\":1,\"name\":\"Home\",\"item\":\"https:\/\/www.demenzkongress.com\/sl\/\"},{\"@type\":\"ListItem\",\"position\":2,\"name\":\"Splo\u0161ni pogoji\"}]},{\"@type\":\"WebSite\",\"@id\":\"https:\/\/www.demenzkongress.com\/sl\/#website\",\"url\":\"https:\/\/www.demenzkongress.com\/sl\/\",\"name\":\"Alpen Adria Demenzkongress\",\"description\":\"\",\"publisher\":{\"@id\":\"https:\/\/www.demenzkongress.com\/sl\/#organization\"},\"potentialAction\":[{\"@type\":\"SearchAction\",\"target\":{\"@type\":\"EntryPoint\",\"urlTemplate\":\"https:\/\/www.demenzkongress.com\/sl\/?s={search_term_string}\"},\"query-input\":{\"@type\":\"PropertyValueSpecification\",\"valueRequired\":true,\"valueName\":\"search_term_string\"}}],\"inLanguage\":\"sl-SI\"},{\"@type\":\"Organization\",\"@id\":\"https:\/\/www.demenzkongress.com\/sl\/#organization\",\"name\":\"Alpen Adria Demenkongress\",\"url\":\"https:\/\/www.demenzkongress.com\/sl\/\",\"logo\":{\"@type\":\"ImageObject\",\"inLanguage\":\"sl-SI\",\"@id\":\"https:\/\/www.demenzkongress.com\/sl\/#\/schema\/logo\/image\/\",\"url\":\"https:\/\/www.demenzkongress.com\/wp-content\/uploads\/2018\/07\/tickera_logo.png\",\"contentUrl\":\"https:\/\/www.demenzkongress.com\/wp-content\/uploads\/2018\/07\/tickera_logo.png\",\"width\":392,\"height\":88,\"caption\":\"Alpen Adria Demenkongress\"},\"image\":{\"@id\":\"https:\/\/www.demenzkongress.com\/sl\/#\/schema\/logo\/image\/\"}}]}<\/script>\n<!-- \/ Yoast SEO plugin. -->","yoast_head_json":{"title":"Splo\u0161ni pogoji - Alpen Adria Demenzkongress","robots":{"index":"index","follow":"follow","max-snippet":"max-snippet:-1","max-image-preview":"max-image-preview:large","max-video-preview":"max-video-preview:-1"},"canonical":"https:\/\/www.demenzkongress.com\/sl\/splosni-pogoji\/","og_locale":"sl_SI","og_type":"article","og_title":"Splo\u0161ni pogoji - Alpen Adria Demenzkongress","og_url":"https:\/\/www.demenzkongress.com\/sl\/splosni-pogoji\/","og_site_name":"Alpen Adria Demenzkongress","article_modified_time":"2025-02-25T16:26:32+00:00","twitter_card":"summary_large_image","twitter_misc":{"Est. reading time":"6 minut"},"schema":{"@context":"https:\/\/schema.org","@graph":[{"@type":"WebPage","@id":"https:\/\/www.demenzkongress.com\/sl\/splosni-pogoji\/","url":"https:\/\/www.demenzkongress.com\/sl\/splosni-pogoji\/","name":"Splo\u0161ni pogoji - Alpen Adria Demenzkongress","isPartOf":{"@id":"https:\/\/www.demenzkongress.com\/sl\/#website"},"datePublished":"2018-07-24T08:11:41+00:00","dateModified":"2025-02-25T16:26:32+00:00","breadcrumb":{"@id":"https:\/\/www.demenzkongress.com\/sl\/splosni-pogoji\/#breadcrumb"},"inLanguage":"sl-SI","potentialAction":[{"@type":"ReadAction","target":["https:\/\/www.demenzkongress.com\/sl\/splosni-pogoji\/"]}]},{"@type":"BreadcrumbList","@id":"https:\/\/www.demenzkongress.com\/sl\/splosni-pogoji\/#breadcrumb","itemListElement":[{"@type":"ListItem","position":1,"name":"Home","item":"https:\/\/www.demenzkongress.com\/sl\/"},{"@type":"ListItem","position":2,"name":"Splo\u0161ni pogoji"}]},{"@type":"WebSite","@id":"https:\/\/www.demenzkongress.com\/sl\/#website","url":"https:\/\/www.demenzkongress.com\/sl\/","name":"Alpen Adria Demenzkongress","description":"","publisher":{"@id":"https:\/\/www.demenzkongress.com\/sl\/#organization"},"potentialAction":[{"@type":"SearchAction","target":{"@type":"EntryPoint","urlTemplate":"https:\/\/www.demenzkongress.com\/sl\/?s={search_term_string}"},"query-input":{"@type":"PropertyValueSpecification","valueRequired":true,"valueName":"search_term_string"}}],"inLanguage":"sl-SI"},{"@type":"Organization","@id":"https:\/\/www.demenzkongress.com\/sl\/#organization","name":"Alpen Adria Demenkongress","url":"https:\/\/www.demenzkongress.com\/sl\/","logo":{"@type":"ImageObject","inLanguage":"sl-SI","@id":"https:\/\/www.demenzkongress.com\/sl\/#\/schema\/logo\/image\/","url":"https:\/\/www.demenzkongress.com\/wp-content\/uploads\/2018\/07\/tickera_logo.png","contentUrl":"https:\/\/www.demenzkongress.com\/wp-content\/uploads\/2018\/07\/tickera_logo.png","width":392,"height":88,"caption":"Alpen Adria Demenkongress"},"image":{"@id":"https:\/\/www.demenzkongress.com\/sl\/#\/schema\/logo\/image\/"}}]}},"_links":{"self":[{"href":"https:\/\/www.demenzkongress.com\/sl\/wp-json\/wp\/v2\/pages\/6218","targetHints":{"allow":["GET"]}}],"collection":[{"href":"https:\/\/www.demenzkongress.com\/sl\/wp-json\/wp\/v2\/pages"}],"about":[{"href":"https:\/\/www.demenzkongress.com\/sl\/wp-json\/wp\/v2\/types\/page"}],"author":[{"embeddable":true,"href":"https:\/\/www.demenzkongress.com\/sl\/wp-json\/wp\/v2\/users\/1"}],"replies":[{"embeddable":true,"href":"https:\/\/www.demenzkongress.com\/sl\/wp-json\/wp\/v2\/comments?post=6218"}],"version-history":[{"count":3,"href":"https:\/\/www.demenzkongress.com\/sl\/wp-json\/wp\/v2\/pages\/6218\/revisions"}],"predecessor-version":[{"id":6773,"href":"https:\/\/www.demenzkongress.com\/sl\/wp-json\/wp\/v2\/pages\/6218\/revisions\/6773"}],"wp:attachment":[{"href":"https:\/\/www.demenzkongress.com\/sl\/wp-json\/wp\/v2\/media?parent=6218"}],"curies":[{"name":"wp","href":"https:\/\/api.w.org\/{rel}","templated":true}]}}