{"id":6186,"date":"2024-11-12T15:14:14","date_gmt":"2024-11-12T14:14:14","guid":{"rendered":"https:\/\/www.demenzkongress.com\/tickets-2025\/"},"modified":"2025-03-26T15:33:47","modified_gmt":"2025-03-26T14:33:47","slug":"vstopnice-2025","status":"publish","type":"page","link":"https:\/\/www.demenzkongress.com\/sl\/vstopnice-2025\/","title":{"rendered":"Vstopnice 2025"},"content":{"rendered":"<div class=\"bt_rc_container\"><section id=\"bt_section6a09913abe2cd\" data-parallax=\"0.1\" data-parallax-offset=\"0\" class=\"boldSection topExtraSpaced bottomSpaced btDarkSkin gutter btBottomVertical btParallax wBackground cover\" style=\"background-image:url('https:\/\/www.demenzkongress.com\/wp-content\/uploads\/2024\/11\/Alpen-Adria-Demenzkongress-2025-Weiterbildungen-Pflege-Aerzte.jpg');\"><div class=\"port\"><div class=\"boldCell\"><div class=\"boldCellInner\"><div class=\"boldRow \" ><div class=\"boldRowInner\"><div class=\"rowItem col-md-12 col-ms-12  btTextLeft inherit\"  data-width=\"12\"><div class=\"rowItemContent\" ><header class=\"header btClear large btDash bottomDash\" ><div class=\"btSuperTitle\">CONGRESS CENTER VILLACH<\/div><div class=\"dash\"><h2><span class=\"headline\"><b class=\"animate\">2<\/b> dni \/ <b class=\"animate\"> 21<\/b> predavanja \/ <b class=\"animate\"> 8<\/b> delavnice\r<br>Vrhunski govorci s podro\u010dja medicine, nege in dru\u017ebe\r<br><\/span><\/h2><\/div><div class=\"btSubTitle\">28. &amp; 29. marec 2025<\/div><\/header><\/div><\/div><\/div><\/div><\/div><\/div><\/div><\/section><section id=\"bt_section6a09913abe77c\" data-parallax=\"0.1\" data-parallax-offset=\"0\" class=\"boldSection topSpaced bottomSemiSpaced gutter btBottomVertical btParallax\" ><div class=\"port\"><div class=\"boldCell\"><div class=\"boldCellInner\"><div class=\"boldRow \" ><div class=\"boldRowInner\"><div class=\"rowItem col-md-6 col-sm-12 btTextLeft inherit\"  data-width=\"6\"><div class=\"rowItemContent\" ><header class=\"header btClear extralarge btDash bottomDash\" ><div class=\"dash\"><h1><span class=\"headline\">Vstopnice 2025<\/span><\/h1><\/div><div class=\"btSubTitle\">Dvodnevni strokovni kongres in delavnice na temo demence z vrhunskimi predavatelji iz medicine, nege in dru\u017ebe<\/div><\/header><\/div><\/div><div class=\"rowItem col-md-6 col-sm-12 btTextLeft inherit\"  data-width=\"6\"><div class=\"rowItemContent\" ><div class=\"btClear btSeparator bottomSemiSpaced noBorder\" ><hr><\/div><div class=\"btClear btSeparator bottomSmallSpaced noBorder\" ><hr><\/div><\/div><\/div><\/div><\/div><\/div><\/div><\/div><\/section><section id=\"bt_section6a09913abebe1\"  class=\"boldSection gutter inherit tabs-start\" ><div class=\"port\"><div class=\"boldCell\"><div class=\"boldCellInner\"><div class=\"boldRow \" ><div class=\"boldRowInner\"><div class=\"rowItem col-md-12 col-ms-12  btTextLeft\"  data-width=\"12\"><div class=\"rowItemContent\" ><div class=\"btText\" ><\/div><div class=\"btClear btSeparator bottomSpaced noBorder\" ><hr><\/div><\/div><\/div><\/div><\/div><\/div><\/div><\/div><\/section><section id=\"bt_section6a09913abee6d\"  class=\"boldSection gutter inherit tabs-tabs\" ><div class=\"port\"><div class=\"boldCell\"><div class=\"boldCellInner\"><div class=\"boldRow \" ><div class=\"boldRowInner\"><div class=\"rowItem col-md-12 col-ms-12  btTextLeft\"  data-width=\"12\"><div class=\"rowItemContent\" ><header class=\"header btClear medium\" ><div class=\"dash\"><h3><span class=\"headline\">Izberite svoj poklic<\/span><\/h3><\/div><\/header><\/div><\/div><\/div><\/div><div class=\"boldRow \" ><div class=\"boldRowInner\"><div class=\"rowItem col-md-12 col-ms-12  btTextLeft inherit tabs-tabs-wrapper\"  data-width=\"12\"><div class=\"rowItemContent\" ><div class=\"btText\" ><p><a class=\"tab-link\" href=\"#tab-tab-pflege\"><br \/>\n<span class=\"title\">Nega<\/span><br \/>\n<\/a><br \/>\n<a class=\"tab-link\" href=\"#tab-tab-aerzte\"><br \/>\n<span class=\"title\">Zdravniki<\/span><br \/>\n<\/a><\/p>\n<\/div><\/div><\/div><\/div><\/div><\/div><\/div><\/div><\/section><section id=\"tab-tab-pflege\"  class=\"boldSection bottomSpaced gutter inherit\" ><div class=\"port\"><div class=\"boldCell\"><div class=\"boldCellInner\"><div class=\"boldRow \" ><div class=\"boldRowInner\"><div class=\"rowItem col-md-12 col-ms-12  btTextLeft\"  data-width=\"12\"><div class=\"rowItemContent\" ><div class=\"btClear btSeparator bottomLargeSpaced noBorder\" ><hr><\/div><\/div><\/div><\/div><\/div><div class=\"boldRow \" ><div class=\"boldRowInner\"><div class=\"rowItem col-md-12 col-ms-12  btTextLeft animate animate-fadein inherit\"  data-width=\"12\"><div class=\"rowItemContent\" ><div class=\"boldRow \" ><div class=\"boldRowInner\"><div class=\"rowItem rowInnerItem col-ms-12  btTextLeft inherit\"  ><div class=\"rowItemContent\"><header class=\"header btClear medium btDash bottomDash\" ><div class=\"dash\"><h3><span class=\"headline\">Cene za nego oziroma medicinsko strokovno osebje<\/span><\/h3><\/div><div class=\"btSubTitle\">Standardna vstopnica vklju\u010duje vsa predavanja v petek, 28.03.2025, ter delavnico o negi\r<br>\r<br><\/div><\/header><div class=\"btClear btSeparator topSmallSpaced bottomSmallSpaced border\" ><hr><\/div><header class=\"header btClear small\" ><div class=\"dash\"><h4><span class=\"headline\">Vrste in cene vstopnic<\/span><\/h4><\/div><\/header><div class=\"btClear btSeparator bottomSmallSpaced noBorder\" ><hr><\/div><div class=\"btText\" ><table class=\"tickets responsive\">\n<tbody>\n<tr>\n<td class=\"title\">Standardna vstopnica za vstop 28.03.2025<\/td>\n<td>\u20ac 200<\/td>\n<\/tr>\n<tr>\n<td class=\"title\">\u0160tudentska vstopnica za vstop 28.03.2025<\/td>\n<td>\u20ac 115<\/td>\n<\/tr>\n<tr>\n<td class=\"title\">Kombinirana vstopnica za vstop 28. in 29.03.2025<\/td>\n<td>\u20ac 300<\/td>\n<\/tr>\n<\/tbody>\n<\/table>\n<\/div><div class=\"btClear btSeparator bottomSmallSpaced noBorder\" ><hr><\/div><header class=\"header btClear small\" ><div class=\"dash\"><h4><span class=\"headline\">Za naro\u010dilo vstopnic izpolnite obrazec:<\/span><\/h4><\/div><\/header><div class=\"btClear btSeparator bottomSmallSpaced noBorder\" ><hr><\/div><div class=\"btText\" ><p>Nakup vstopnic je zdaj mo\u017een le \u0161e preko e-po\u0161te (<a href=\"mailto:office@demenzkongress.at\" target=\"_blank\" rel=\"noopener\">office@demenzkongress.at<\/a>) ali telefona (<a href=\"tel:00436764097607\">06764097607<\/a>).<\/p>\n<\/div><div class=\"btClear btSeparator topSmallSpaced bottomLargeSpaced border\" ><hr><\/div><\/div><\/div><\/div><\/div><\/div><\/div><\/div><\/div><div class=\"boldRow full-width bg-highlight-21\" ><div class=\"boldRowInner\"><div class=\"rowItem col-md-12 col-ms-12  btTextLeft animate animate-fadein inherit\"  data-width=\"12\"><div class=\"rowItemContent\" ><div class=\"btClear btSeparator topSemiSpaced noBorder\" ><hr><\/div><header class=\"header btClear medium btDash bottomDash\" ><div class=\"dash\"><h3><span class=\"headline\">Najpogostej\u0161a vpra\u0161anja<\/span><\/h3><\/div><\/header><div class=\"btClear btSeparator topSmallSpaced bottomSmallSpaced border\" ><hr><\/div><div class=\"boldRow \" ><div class=\"boldRowInner\"><div class=\"rowItem rowInnerItem col-ms-12  btTextLeft\"  ><div class=\"rowItemContent\"><div class=\"btTabs tabsVertical\" data-open-first=\"no\"  data-open-one=\"yes\"><ul class=\"tabsHeader\"><li><span>Ali se kongresa lahko udele\u017eijo tudi osebe, ki niso zaposlene v negi?<\/span><\/li><li><span>Ali so za dogodek na voljo kreditne to\u010dke?<\/span><\/li><li><span>Kaj vklju\u010duje vstopnina?<\/span><\/li><li><span>Ali lahko odpovem svojo vstopnico?<\/span><\/li><li><span>Ali so na voljo vstopnice za posamezna predavanja?<\/span><\/li><li><span>Kako poteka prihod?<\/span><\/li><li><span>Kje lahko parkiram?<\/span><\/li><\/ul><div class=\"tabPanes accordionPanes\"><div class=\"tabPane\">\r\n\t\t\t<div class=\"tabAccordionTitle\"><span>Ali se kongresa lahko udele\u017eijo tudi osebe, ki niso zaposlene v negi?<\/span><\/div>\r\n\t\t\t<div class=\"tabAccordionContent\"><div class=\"btText\" ><p>Da, kolegice in kolegi iz vseh poklicnih skupin so toplo dobrodo\u0161li. Prepri\u010dani smo, da lahko najbolj\u0161o oskrbo oseb z demenco dose\u017eemo le z interdisciplinarnim timom. Predavanja so zasnovana tako, da so vsebine razumljive in koristne za vse poklicne skupine.<\/p>\n<\/div><\/div>\r\n\t\t<\/div><div class=\"tabPane\">\r\n\t\t\t<div class=\"tabAccordionTitle\"><span>Ali so za dogodek na voljo kreditne to\u010dke?<\/span><\/div>\r\n\t\t\t<div class=\"tabAccordionContent\"><div class=\"btText\" ><p>Da, za udele\u017ebo na kongresu se podelijo kreditne to\u010dke. Razdelitev to\u010dk za razli\u010dne poklicne skupine je naslednja:<\/p>\n<p>Avstrijska zveza za zdravstvo in nego (\u00d6GKV): 19 \u00d6GKV PFP\u00ae<br \/>\nPoklicni zbornica asistentov v ordinacijah Avstrija (BdA): 6 to\u010dk<br \/>\nPoklicni zbornica avstrijskih psihologov (B\u00d6P): 4 to\u010dke<\/p>\n<\/div><\/div>\r\n\t\t<\/div><div class=\"tabPane\">\r\n\t\t\t<div class=\"tabAccordionTitle\"><span>Kaj vklju\u010duje vstopnina?<\/span><\/div>\r\n\t\t\t<div class=\"tabAccordionContent\"><div class=\"btText\" ><ul>\n<li data-start=\"301\" data-end=\"338\">Dostop do vseh predavanj 28.03.2025<\/li>\n<li data-start=\"339\" data-end=\"378\">Dostop do delavnice o negi 28.03.2025<\/li>\n<li data-start=\"379\" data-end=\"438\">Kongresna torba z atraktivnimi vsebinami in informacijami<\/li>\n<li data-start=\"439\" data-end=\"488\">Potrdilo o izobra\u017eevanju in potrdilo o udele\u017ebi<\/li>\n<li data-start=\"489\" data-end=\"532\" data-is-last-node=\"\">Brezpla\u010dna prehrana na obeh dneh kongresa<\/li>\n<\/ul>\n<\/div><\/div>\r\n\t\t<\/div><div class=\"tabPane\">\r\n\t\t\t<div class=\"tabAccordionTitle\"><span>Ali lahko odpovem svojo vstopnico?<\/span><\/div>\r\n\t\t\t<div class=\"tabAccordionContent\"><div class=\"btText\" ><p>\u017dal vstopnic po nakupu ni mogo\u010de ve\u010d odpovedati.<\/p>\n<\/div><\/div>\r\n\t\t<\/div><div class=\"tabPane\">\r\n\t\t\t<div class=\"tabAccordionTitle\"><span>Ali so na voljo vstopnice za posamezna predavanja?<\/span><\/div>\r\n\t\t\t<div class=\"tabAccordionContent\"><div class=\"btText\" ><p>\u017dal ni mogo\u010de kupiti vstopnic za posamezna predavanja.<\/p>\n<\/div><\/div>\r\n\t\t<\/div><div class=\"tabPane\">\r\n\t\t\t<div class=\"tabAccordionTitle\"><span>Kako poteka prihod?<\/span><\/div>\r\n\t\t\t<div class=\"tabAccordionContent\"><div class=\"btText\" ><p><strong>Avto:<\/strong><br \/>\nKongresni center beljak lahko enostavno in neposredno dose\u017eete po vseh glavnih prometnih poteh: Beljak le\u017ei ob eni izmed najbolj okolju prijaznih avtocest v Evropi. Od M\u00fcnchna, Dunaja, Zagreba ali Benetk potrebujete pribli\u017eno 3 ure vo\u017enje do Koro\u0161ke.<\/p>\n<p><strong>Tovor:<\/strong><br \/>\nMednarodni vlaki vozijo na 2-urni razdalji med Beljakom in vsemi pomembnimi evropskimi mesti. Izkoristite udobne neposredne povezave iz vseh sosednjih dr\u017eav.<\/p>\n<p><strong>Letalo:<\/strong><br \/>\nLetali\u0161\u010da v okolici, kot so Celovec, Ljubljana, Gradec, Salzburg, Trst in Benetke omogo\u010dajo enostaven prihod iz celega sveta.<\/p>\n<p>Letali\u0161\u010de Celovec: pribli\u017eno 50 km (pribli\u017eno 30 minut z avtomobilom) |\u00a0<a href=\"https:\/\/airport-klagenfurt.at\/\">https:\/\/airport-klagenfurt.at<\/a><br \/>\nLetali\u0161\u010de Gradec: pribli\u017eno 170 km (pribli\u017eno 1:30 h) |\u00a0<a href=\"https:\/\/www.flughafen-graz.at\/\">https:\/\/www.flughafen-graz.at<\/a><br \/>\nLetali\u0161\u010de Ljubljana\/Slovenija: pribli\u017eno 80 km (pribli\u017eno 50 minut z avtomobilom) |\u00a0<a href=\"https:\/\/www.lju-airport.si\/\">https:\/\/www.lju-airport.si<\/a><br \/>\nLetali\u0161\u010de Salzburg: pribli\u017eno 180 km (pribli\u017eno 1:45 h) |\u00a0<a href=\"https:\/\/www.salzburg-airport.com\/\">https:\/\/www.salzburg-airport.com<\/a><br \/>\nLetali\u0161\u010de Trst\/Italija: pribli\u017eno 160 km (pribli\u017eno 1:30 h) |\u00a0<a href=\"https:\/\/triesteairport.it\/\">https:\/\/triesteairport.it<\/a><br \/>\nLetali\u0161\u010de Benetke\/Italija: pribli\u017eno 240 km (pribli\u017eno 2:30 h) |\u00a0<a href=\"https:\/\/www.veneziaairport.it\/\">https:\/\/www.veneziaairport.it<\/a><\/p>\n<\/div><\/div>\r\n\t\t<\/div><div class=\"tabPane\">\r\n\t\t\t<div class=\"tabAccordionTitle\"><span>Kje lahko parkiram?<\/span><\/div>\r\n\t\t\t<div class=\"tabAccordionContent\"><div class=\"btText\" ><p>Kongresni center Beljak je neposredno povezan z javno podzemno gara\u017eo Nikolai v starem mestnem jedru, ki omogo\u010da direkten dostop. Na voljo je pribli\u017eno 200 parkirnih mest.<\/p>\n<\/div><\/div>\r\n\t\t<\/div><\/div><\/div><\/div><\/div><\/div><\/div><div class=\"btClear btSeparator topSmallSpaced bottomLargeSpaced border\" ><hr><\/div><\/div><\/div><\/div><\/div><\/div><\/div><\/div><\/section><section id=\"tab-tab-aerzte\"  class=\"boldSection bottomSpaced gutter inherit tabs-content\" ><div class=\"port\"><div class=\"boldCell\"><div class=\"boldCellInner\"><div class=\"boldRow \" ><div class=\"boldRowInner\"><div class=\"rowItem col-md-12 col-ms-12  btTextLeft\"  data-width=\"12\"><div class=\"rowItemContent\" ><div class=\"btClear btSeparator bottomSmallSpaced noBorder\" ><hr><\/div><\/div><\/div><\/div><\/div><div class=\"boldRow \" ><div class=\"boldRowInner\"><div class=\"rowItem col-md-12 col-ms-12  btTextLeft animate animate-fadein inherit\"  data-width=\"12\"><div class=\"rowItemContent\" ><div class=\"btClear btSeparator topLargeSpaced border\" ><hr><\/div><header class=\"header btClear medium btDash bottomDash\" ><div class=\"dash\"><h3><span class=\"headline\">Stro\u0161ki za zdravnike<\/span><\/h3><\/div><\/header><div class=\"btClear btSeparator topSmallSpaced bottomSmallSpaced border\" ><hr><\/div><div class=\"btText\" ><table class=\"tickets responsive\">\n<tbody>\n<tr>\n<td class=\"title\">Zdravniki: Super Early Bird<\/td>\n<td>\u20ac 200<\/td>\n<td><a href=\"https:\/\/anmeldungen.aekktn.at\/demenzkongress\/2025\" target=\"_blank\" rel=\"noopener\">Tukaj naro\u010dite vstopnice<\/a><\/td>\n<\/tr>\n<tr>\n<td class=\"title\">Zdravniki: Standardna vstopnica<\/td>\n<td>\u20ac 250<\/td>\n<td><a href=\"https:\/\/anmeldungen.aekktn.at\/demenzkongress\/2025\" target=\"_blank\" rel=\"noopener\">Tukaj naro\u010dite vstopnice<\/a><\/td>\n<\/tr>\n<tr>\n<td class=\"title\">Zdravniki: Delavnice<\/td>\n<td>\u20ac 50<\/td>\n<td><a href=\"https:\/\/anmeldungen.aekktn.at\/demenzkongress\/2025\" target=\"_blank\" rel=\"noopener\">Tukaj naro\u010dite vstopnice<\/a><\/td>\n<\/tr>\n<\/tbody>\n<\/table>\n<\/div><div class=\"btClear btSeparator topSmallSpaced bottomSmallSpaced border\" ><hr><\/div><a href=\"https:\/\/anmeldungen.aekktn.at\/demenzkongress\/2025\" class=\"btBtn btBtn btnOutlineStyle btnNormalColor btnBig btnNormalWidth btnInlinePosition btnNoIcon\"  target=\"_blank\"><span class=\"btnInnerText\">Tukaj naro\u010dite vstopnice<\/span><\/a><div class=\"btClear btSeparator topSmallSpaced bottomSpaced border\" ><hr><\/div><\/div><\/div><\/div><\/div><div class=\"boldRow full-width bg-highlight-21\" ><div class=\"boldRowInner\"><div class=\"rowItem col-md-12 col-ms-12  btTextLeft animate animate-fadein inherit\"  data-width=\"12\"><div class=\"rowItemContent\" ><div class=\"btClear btSeparator topSemiSpaced noBorder\" ><hr><\/div><header class=\"header btClear medium btDash bottomDash\" ><div class=\"dash\"><h3><span class=\"headline\">Frequently asked questions<\/span><\/h3><\/div><\/header><div class=\"btClear btSeparator topSmallSpaced bottomSmallSpaced border\" ><hr><\/div><div class=\"boldRow \" ><div class=\"boldRowInner\"><div class=\"rowItem rowInnerItem col-ms-12  btTextLeft\"  ><div class=\"rowItemContent\"><div class=\"btTabs tabsVertical\" data-open-first=\"no\"  data-open-one=\"yes\"><ul class=\"tabsHeader\"><li><span>Kaj vklju\u010duje vstopnina?<\/span><\/li><li><span>Ali lahko odpovem svojo vstopnico?<\/span><\/li><li><span>Ali so na voljo vstopnice za posamezna predavanja?<\/span><\/li><\/ul><div class=\"tabPanes accordionPanes\"><div class=\"tabPane\">\r\n\t\t\t<div class=\"tabAccordionTitle\"><span>Kaj vklju\u010duje vstopnina?<\/span><\/div>\r\n\t\t\t<div class=\"tabAccordionContent\"><div class=\"btText\" ><ul>\n<li data-start=\"282\" data-end=\"346\">Dostop do vseh predavanj za zdravnike 28.03.2025 in 29.03.2025<\/li>\n<li data-start=\"347\" data-end=\"406\">Kongresna torba z atraktivnimi vsebinami in informacijami<\/li>\n<li data-start=\"407\" data-end=\"456\">Potrdilo o izobra\u017eevanju in potrdilo o udele\u017ebi<\/li>\n<li data-start=\"457\" data-end=\"496\" data-is-last-node=\"\">Brezpla\u010dna prehrana med vsemi 2 dnevi<\/li>\n<\/ul>\n<\/div><\/div>\r\n\t\t<\/div><div class=\"tabPane\">\r\n\t\t\t<div class=\"tabAccordionTitle\"><span>Ali lahko odpovem svojo vstopnico?<\/span><\/div>\r\n\t\t\t<div class=\"tabAccordionContent\"><div class=\"btText\" ><p>\u017dal vstopnic po nakupu ni mogo\u010de ve\u010d odpovedati.<\/p>\n<\/div><\/div>\r\n\t\t<\/div><div class=\"tabPane\">\r\n\t\t\t<div class=\"tabAccordionTitle\"><span>Ali so na voljo vstopnice za posamezna predavanja?<\/span><\/div>\r\n\t\t\t<div class=\"tabAccordionContent\"><div class=\"btText\" ><p>\u017dal ni mogo\u010de kupiti vstopnic za posamezna predavanja.<\/p>\n<\/div><\/div>\r\n\t\t<\/div><\/div><\/div><\/div><\/div><\/div><\/div><div class=\"btClear btSeparator topSmallSpaced bottomLargeSpaced border\" ><hr><\/div><\/div><\/div><\/div><\/div><\/div><\/div><\/div><\/section><section id=\"bt_section6a09913ac15e2\"  class=\"boldSection gutter inherit tabs-end\" ><div class=\"port\"><div class=\"boldCell\"><div class=\"boldCellInner\"><\/div><\/div><\/div><\/section><section id=\"bt_section6a09913ac1648\"  class=\"boldSection topSpaced bottomSpaced btLightSkin gutter inherit\" ><div class=\"port\"><div class=\"boldCell\"><div class=\"boldCellInner\"><div class=\"boldRow \" ><div class=\"boldRowInner\"><div class=\"rowItem col-md-12 col-ms-12  btTextCenter inherit\"  data-width=\"12\"><div class=\"rowItemContent\" ><header class=\"header btClear medium btDash bottomDash\" style=\"margin-bottom: 0px;\"><div class=\"dash\"><h3><span class=\"headline\">Follow us<\/span><\/h3><\/div><div class=\"btSubTitle\">Alpen Adria Demenzkongress<\/div><\/header><div class=\"btClear btSeparator topSemiSpaced noBorder\" ><hr><\/div><\/div><\/div><\/div><\/div><div class=\"boldRow \" ><div class=\"boldRowInner\"><div class=\"rowItem col-md-12 col-ms-12  btTextCenter animate animate-fadein inherit\"  data-width=\"12\"><div class=\"rowItemContent\" ><div class=\"btIconImageRow\" ><span class=\"btIco btIcoFilledType btIcoMediumSize btIcoAccentColor\"><a href=\"https:\/\/www.facebook.com\/people\/Alpsko-Jadranski-kongres-o-demenci\/61573722006135\/\"  target=\"no_target\" data-ico-fa=\"&#xf09a;\" class=\"btIcoHolder\"><\/a><\/span><span class=\"btIco btIcoFilledType btIcoMediumSize btIcoAccentColor\"><a href=\"https:\/\/www.youtube.com\/channel\/UCmVAYqjdeH7f_VjG-ZsK3pg\/featured\"  target=\"no_target\" data-ico-fa=\"&#xf167;\" class=\"btIcoHolder\"><\/a><\/span><span class=\"btIco btIcoFilledType btIcoMediumSize btIcoAccentColor\"><a href=\"https:\/\/www.instagram.com\/kongres.o.demenci\/\"  target=\"no_target\" data-ico-fa=\"&#xf16d;\" class=\"btIcoHolder\"><\/a><\/span><\/div><\/div><\/div><\/div><\/div><\/div><\/div><\/div><\/section><\/div>","protected":false},"excerpt":{"rendered":"","protected":false},"author":1,"featured_media":0,"parent":0,"menu_order":0,"comment_status":"closed","ping_status":"closed","template":"","meta":{"footnotes":""},"class_list":["post-6186","page","type-page","status-publish","hentry"],"yoast_head":"<!-- This site is optimized with the Yoast SEO plugin v26.8 - https:\/\/yoast.com\/product\/yoast-seo-wordpress\/ -->\n<title>Vstopnice 2025 - Alpen Adria Demenzkongress<\/title>\n<meta name=\"robots\" content=\"index, follow, max-snippet:-1, max-image-preview:large, max-video-preview:-1\" \/>\n<link rel=\"canonical\" href=\"https:\/\/www.demenzkongress.com\/sl\/vstopnice-2025\/\" \/>\n<meta property=\"og:locale\" content=\"sl_SI\" \/>\n<meta property=\"og:type\" content=\"article\" \/>\n<meta property=\"og:title\" content=\"Vstopnice 2025 - Alpen Adria Demenzkongress\" \/>\n<meta property=\"og:url\" content=\"https:\/\/www.demenzkongress.com\/sl\/vstopnice-2025\/\" \/>\n<meta property=\"og:site_name\" content=\"Alpen Adria Demenzkongress\" \/>\n<meta property=\"article:modified_time\" content=\"2025-03-26T14:33:47+00:00\" \/>\n<meta name=\"twitter:card\" content=\"summary_large_image\" \/>\n<meta name=\"twitter:label1\" content=\"Est. reading time\" \/>\n\t<meta name=\"twitter:data1\" content=\"7 minut\" \/>\n<script type=\"application\/ld+json\" class=\"yoast-schema-graph\">{\"@context\":\"https:\/\/schema.org\",\"@graph\":[{\"@type\":\"WebPage\",\"@id\":\"https:\/\/www.demenzkongress.com\/sl\/vstopnice-2025\/\",\"url\":\"https:\/\/www.demenzkongress.com\/sl\/vstopnice-2025\/\",\"name\":\"Vstopnice 2025 - Alpen Adria Demenzkongress\",\"isPartOf\":{\"@id\":\"https:\/\/www.demenzkongress.com\/sl\/#website\"},\"datePublished\":\"2024-11-12T14:14:14+00:00\",\"dateModified\":\"2025-03-26T14:33:47+00:00\",\"breadcrumb\":{\"@id\":\"https:\/\/www.demenzkongress.com\/sl\/vstopnice-2025\/#breadcrumb\"},\"inLanguage\":\"sl-SI\",\"potentialAction\":[{\"@type\":\"ReadAction\",\"target\":[\"https:\/\/www.demenzkongress.com\/sl\/vstopnice-2025\/\"]}]},{\"@type\":\"BreadcrumbList\",\"@id\":\"https:\/\/www.demenzkongress.com\/sl\/vstopnice-2025\/#breadcrumb\",\"itemListElement\":[{\"@type\":\"ListItem\",\"position\":1,\"name\":\"Home\",\"item\":\"https:\/\/www.demenzkongress.com\/sl\/\"},{\"@type\":\"ListItem\",\"position\":2,\"name\":\"Vstopnice 2025\"}]},{\"@type\":\"WebSite\",\"@id\":\"https:\/\/www.demenzkongress.com\/sl\/#website\",\"url\":\"https:\/\/www.demenzkongress.com\/sl\/\",\"name\":\"Alpen Adria Demenzkongress\",\"description\":\"\",\"publisher\":{\"@id\":\"https:\/\/www.demenzkongress.com\/sl\/#organization\"},\"potentialAction\":[{\"@type\":\"SearchAction\",\"target\":{\"@type\":\"EntryPoint\",\"urlTemplate\":\"https:\/\/www.demenzkongress.com\/sl\/?s={search_term_string}\"},\"query-input\":{\"@type\":\"PropertyValueSpecification\",\"valueRequired\":true,\"valueName\":\"search_term_string\"}}],\"inLanguage\":\"sl-SI\"},{\"@type\":\"Organization\",\"@id\":\"https:\/\/www.demenzkongress.com\/sl\/#organization\",\"name\":\"Alpen Adria Demenkongress\",\"url\":\"https:\/\/www.demenzkongress.com\/sl\/\",\"logo\":{\"@type\":\"ImageObject\",\"inLanguage\":\"sl-SI\",\"@id\":\"https:\/\/www.demenzkongress.com\/sl\/#\/schema\/logo\/image\/\",\"url\":\"https:\/\/www.demenzkongress.com\/wp-content\/uploads\/2018\/07\/tickera_logo.png\",\"contentUrl\":\"https:\/\/www.demenzkongress.com\/wp-content\/uploads\/2018\/07\/tickera_logo.png\",\"width\":392,\"height\":88,\"caption\":\"Alpen Adria Demenkongress\"},\"image\":{\"@id\":\"https:\/\/www.demenzkongress.com\/sl\/#\/schema\/logo\/image\/\"}}]}<\/script>\n<!-- \/ Yoast SEO plugin. -->","yoast_head_json":{"title":"Vstopnice 2025 - Alpen Adria Demenzkongress","robots":{"index":"index","follow":"follow","max-snippet":"max-snippet:-1","max-image-preview":"max-image-preview:large","max-video-preview":"max-video-preview:-1"},"canonical":"https:\/\/www.demenzkongress.com\/sl\/vstopnice-2025\/","og_locale":"sl_SI","og_type":"article","og_title":"Vstopnice 2025 - Alpen Adria Demenzkongress","og_url":"https:\/\/www.demenzkongress.com\/sl\/vstopnice-2025\/","og_site_name":"Alpen Adria Demenzkongress","article_modified_time":"2025-03-26T14:33:47+00:00","twitter_card":"summary_large_image","twitter_misc":{"Est. reading time":"7 minut"},"schema":{"@context":"https:\/\/schema.org","@graph":[{"@type":"WebPage","@id":"https:\/\/www.demenzkongress.com\/sl\/vstopnice-2025\/","url":"https:\/\/www.demenzkongress.com\/sl\/vstopnice-2025\/","name":"Vstopnice 2025 - Alpen Adria Demenzkongress","isPartOf":{"@id":"https:\/\/www.demenzkongress.com\/sl\/#website"},"datePublished":"2024-11-12T14:14:14+00:00","dateModified":"2025-03-26T14:33:47+00:00","breadcrumb":{"@id":"https:\/\/www.demenzkongress.com\/sl\/vstopnice-2025\/#breadcrumb"},"inLanguage":"sl-SI","potentialAction":[{"@type":"ReadAction","target":["https:\/\/www.demenzkongress.com\/sl\/vstopnice-2025\/"]}]},{"@type":"BreadcrumbList","@id":"https:\/\/www.demenzkongress.com\/sl\/vstopnice-2025\/#breadcrumb","itemListElement":[{"@type":"ListItem","position":1,"name":"Home","item":"https:\/\/www.demenzkongress.com\/sl\/"},{"@type":"ListItem","position":2,"name":"Vstopnice 2025"}]},{"@type":"WebSite","@id":"https:\/\/www.demenzkongress.com\/sl\/#website","url":"https:\/\/www.demenzkongress.com\/sl\/","name":"Alpen Adria Demenzkongress","description":"","publisher":{"@id":"https:\/\/www.demenzkongress.com\/sl\/#organization"},"potentialAction":[{"@type":"SearchAction","target":{"@type":"EntryPoint","urlTemplate":"https:\/\/www.demenzkongress.com\/sl\/?s={search_term_string}"},"query-input":{"@type":"PropertyValueSpecification","valueRequired":true,"valueName":"search_term_string"}}],"inLanguage":"sl-SI"},{"@type":"Organization","@id":"https:\/\/www.demenzkongress.com\/sl\/#organization","name":"Alpen Adria Demenkongress","url":"https:\/\/www.demenzkongress.com\/sl\/","logo":{"@type":"ImageObject","inLanguage":"sl-SI","@id":"https:\/\/www.demenzkongress.com\/sl\/#\/schema\/logo\/image\/","url":"https:\/\/www.demenzkongress.com\/wp-content\/uploads\/2018\/07\/tickera_logo.png","contentUrl":"https:\/\/www.demenzkongress.com\/wp-content\/uploads\/2018\/07\/tickera_logo.png","width":392,"height":88,"caption":"Alpen Adria Demenkongress"},"image":{"@id":"https:\/\/www.demenzkongress.com\/sl\/#\/schema\/logo\/image\/"}}]}},"_links":{"self":[{"href":"https:\/\/www.demenzkongress.com\/sl\/wp-json\/wp\/v2\/pages\/6186","targetHints":{"allow":["GET"]}}],"collection":[{"href":"https:\/\/www.demenzkongress.com\/sl\/wp-json\/wp\/v2\/pages"}],"about":[{"href":"https:\/\/www.demenzkongress.com\/sl\/wp-json\/wp\/v2\/types\/page"}],"author":[{"embeddable":true,"href":"https:\/\/www.demenzkongress.com\/sl\/wp-json\/wp\/v2\/users\/1"}],"replies":[{"embeddable":true,"href":"https:\/\/www.demenzkongress.com\/sl\/wp-json\/wp\/v2\/comments?post=6186"}],"version-history":[{"count":22,"href":"https:\/\/www.demenzkongress.com\/sl\/wp-json\/wp\/v2\/pages\/6186\/revisions"}],"predecessor-version":[{"id":7400,"href":"https:\/\/www.demenzkongress.com\/sl\/wp-json\/wp\/v2\/pages\/6186\/revisions\/7400"}],"wp:attachment":[{"href":"https:\/\/www.demenzkongress.com\/sl\/wp-json\/wp\/v2\/media?parent=6186"}],"curies":[{"name":"wp","href":"https:\/\/api.w.org\/{rel}","templated":true}]}}